{"id":979,"date":"2013-03-21T10:34:23","date_gmt":"2013-03-21T10:34:23","guid":{"rendered":"http:\/\/cpulohn.net\/wordpress\/?page_id=979"},"modified":"2021-10-11T13:13:16","modified_gmt":"2021-10-11T13:13:16","slug":"impressionen","status":"publish","type":"page","link":"https:\/\/cpulohn.at\/wordpress\/?page_id=979","title":{"rendered":"Impressionen"},"content":{"rendered":"<p style=\"text-align: justify;\">Auch im Jahr 2014 fanden \u00f6sterreichweit\u00a0<span style=\"color: #716fb3;\">cpu<\/span>lohn<span style=\"font-size: 8pt;\"><sup>\u00ae<\/sup><\/span> Seminare statt. Bei den Veranstaltungen durfte CPU \u00fcber 230 Teilnehmer begr\u00fc\u00dfen, was einen neuen Rekord in der Firmengeschichte bedeutet.<\/p>\r\nMag. Seebacher Michael (bundesweiter Fachbereich der Finanzverwaltung) und Manuel Hetzl B.A. (Gesch\u00e4ftsf\u00fchrer der CPU Informatik GmbH) vermittelten die aktuellsten Neuerungen rund um die Lohnverrechnung in den Bereichen Lohnsteuer-, Sozialversicherungs-, und Arbeitsrecht sowie die neuesten Entwicklungen im Personalabrechnungssystem\u00a0<span style=\"color: #716fb3;\">cpu<\/span>lohn<span style=\"font-size: 8pt;\"><sup>\u00ae<\/sup><\/span>.\r\n\r\nBei den zahlreich erschienen Kunden bedanken wir uns f\u00fcr ihre rege Teilnahme. Wir freuen uns schon auf ein erneutes Treffen im Jahr 2021!\r\n\r\n\n<div id=\"slideset-1539-69e32f01115be\" class=\"wk-slideset wk-slideset-default\" data-widgetkit=\"slideset\" data-options='{\"style\":\"slideset\",\"width\":\"auto\",\"height\":\"auto\",\"effect\":\"slide\",\"autoplay\":1,\"interval\":5000,\"items_per_set\":3,\"navigation\":1,\"buttons\":1,\"title\":1,\"duration\":500,\"lightbox\":1}'>\n\t<div>\n\t\t<div class=\"sets\">\n\t\t\t\t\t\t\t<ul class=\"set\">\n\t\t\t\t\t\t\t\t\t\t\t\t\t\t\t\t<li>\n\t\t\t\t\t\t\t<article class=\"wk-content\"><a class=\"\" href=\"\/wordpress\/wp-content\/uploads\/Seminar 2013\/IMG_1118.JPG\" data-lightbox=\"group:1539-69e32f01115be\"><img loading=\"lazy\" decoding=\"async\" src=\"\/wordpress\/wp-content\/plugins\/widgetkit\/cache\/gallery\/1539\/IMG_1118-8cbd0db4e9.JPG\" width=\"800\" height=\"600\" alt=\"IMG_1118\" \/><\/a><\/article>\n\t\t\t\t\t\t<\/li>\n\t\t\t\t\t\t\t\t\t\t\n\t\t\t\t\t\t\t\t\t\t\t\t\t\t\t\t<li>\n\t\t\t\t\t\t\t<article class=\"wk-content\"><a class=\"\" href=\"\/wordpress\/wp-content\/uploads\/Seminar 2013\/IMG_1125.JPG\" data-lightbox=\"group:1539-69e32f01115be\"><img loading=\"lazy\" decoding=\"async\" src=\"\/wordpress\/wp-content\/plugins\/widgetkit\/cache\/gallery\/1539\/IMG_1125-4c2e032740.JPG\" width=\"800\" height=\"600\" alt=\"IMG_1125\" \/><\/a><\/article>\n\t\t\t\t\t\t<\/li>\n\t\t\t\t\t\t\t\t\t\t\n\t\t\t\t\t\t\t\t\t\t\t\t\t\t\t\t<li>\n\t\t\t\t\t\t\t<article class=\"wk-content\"><a class=\"\" href=\"\/wordpress\/wp-content\/uploads\/Seminar 2013\/IMG_1128.JPG\" data-lightbox=\"group:1539-69e32f01115be\"><img loading=\"lazy\" decoding=\"async\" src=\"\/wordpress\/wp-content\/plugins\/widgetkit\/cache\/gallery\/1539\/IMG_1128-800b7c9a99.JPG\" width=\"800\" height=\"600\" alt=\"IMG_1128\" \/><\/a><\/article>\n\t\t\t\t\t\t<\/li>\n\t\t\t\t\t\t\t\t\t\t\n\t\t\t\t\t\t\t\t\t<\/ul>\n\t\t\t\t\t\t\t\t\t\t\t<ul class=\"set\">\n\t\t\t\t\t\t\t\t\t\t\t\t\t\t\t\t<li>\n\t\t\t\t\t\t\t<article class=\"wk-content\"><a class=\"\" href=\"\/wordpress\/wp-content\/uploads\/Seminar 2013\/IMG_1130.JPG\" data-lightbox=\"group:1539-69e32f01115be\"><img loading=\"lazy\" decoding=\"async\" src=\"data:image\/gif;base64,R0lGODlhAQABAJEAAAAAAP\/\/\/\/\/\/\/wAAACH5BAEHAAIALAAAAAABAAEAAAICVAEAOw==\" data-src=\"\/wordpress\/wp-content\/plugins\/widgetkit\/cache\/gallery\/1539\/IMG_1130-ad07afe268.JPG\" width=\"800\" height=\"600\" alt=\"IMG_1130\" \/><\/a><\/article>\n\t\t\t\t\t\t<\/li>\n\t\t\t\t\t\t\t\t\t\t\n\t\t\t\t\t\t\t\t\t\t\t\t\t\t\t\t<li>\n\t\t\t\t\t\t\t<article class=\"wk-content\"><a class=\"\" href=\"\/wordpress\/wp-content\/uploads\/Seminar 2013\/IMG_1131.JPG\" data-lightbox=\"group:1539-69e32f01115be\"><img loading=\"lazy\" decoding=\"async\" src=\"data:image\/gif;base64,R0lGODlhAQABAJEAAAAAAP\/\/\/\/\/\/\/wAAACH5BAEHAAIALAAAAAABAAEAAAICVAEAOw==\" data-src=\"\/wordpress\/wp-content\/plugins\/widgetkit\/cache\/gallery\/1539\/IMG_1131-6272dffecd.JPG\" width=\"800\" height=\"600\" alt=\"IMG_1131\" \/><\/a><\/article>\n\t\t\t\t\t\t<\/li>\n\t\t\t\t\t\t\t\t\t\t\n\t\t\t\t\t\t\t\t\t\t\t\t\t\t\t\t<li>\n\t\t\t\t\t\t\t<article class=\"wk-content\"><a class=\"\" href=\"\/wordpress\/wp-content\/uploads\/Seminar 2013\/IMG_1136.JPG\" data-lightbox=\"group:1539-69e32f01115be\"><img loading=\"lazy\" decoding=\"async\" src=\"data:image\/gif;base64,R0lGODlhAQABAJEAAAAAAP\/\/\/\/\/\/\/wAAACH5BAEHAAIALAAAAAABAAEAAAICVAEAOw==\" data-src=\"\/wordpress\/wp-content\/plugins\/widgetkit\/cache\/gallery\/1539\/IMG_1136-33183f368c.JPG\" width=\"800\" height=\"600\" alt=\"IMG_1136\" \/><\/a><\/article>\n\t\t\t\t\t\t<\/li>\n\t\t\t\t\t\t\t\t\t\t\n\t\t\t\t\t\t\t\t\t<\/ul>\n\t\t\t\t\t\t\t\t\t\t\t<ul class=\"set\">\n\t\t\t\t\t\t\t\t\t\t\t\t\t\t\t\t<li>\n\t\t\t\t\t\t\t<article class=\"wk-content\"><a class=\"\" href=\"\/wordpress\/wp-content\/uploads\/Seminar 2013\/IMG_1139.JPG\" data-lightbox=\"group:1539-69e32f01115be\"><img loading=\"lazy\" decoding=\"async\" src=\"data:image\/gif;base64,R0lGODlhAQABAJEAAAAAAP\/\/\/\/\/\/\/wAAACH5BAEHAAIALAAAAAABAAEAAAICVAEAOw==\" data-src=\"\/wordpress\/wp-content\/plugins\/widgetkit\/cache\/gallery\/1539\/IMG_1139-512e3c8469.JPG\" width=\"800\" height=\"600\" alt=\"IMG_1139\" \/><\/a><\/article>\n\t\t\t\t\t\t<\/li>\n\t\t\t\t\t\t\t\t\t\t\n\t\t\t\t\t\t\t\t\t\t\t\t\t\t\t\t<li>\n\t\t\t\t\t\t\t<article class=\"wk-content\"><a class=\"\" href=\"\/wordpress\/wp-content\/uploads\/Seminar 2013\/IMG_1142.JPG\" data-lightbox=\"group:1539-69e32f01115be\"><img loading=\"lazy\" decoding=\"async\" src=\"data:image\/gif;base64,R0lGODlhAQABAJEAAAAAAP\/\/\/\/\/\/\/wAAACH5BAEHAAIALAAAAAABAAEAAAICVAEAOw==\" data-src=\"\/wordpress\/wp-content\/plugins\/widgetkit\/cache\/gallery\/1539\/IMG_1142-3d546af141.JPG\" width=\"800\" height=\"600\" alt=\"IMG_1142\" \/><\/a><\/article>\n\t\t\t\t\t\t<\/li>\n\t\t\t\t\t\t\t\t\t\t\n\t\t\t\t\t\t\t\t\t\t\t\t\t\t\t\t<li>\n\t\t\t\t\t\t\t<article class=\"wk-content\"><a class=\"\" href=\"\/wordpress\/wp-content\/uploads\/Seminar 2013\/IMG_1150.JPG\" data-lightbox=\"group:1539-69e32f01115be\"><img loading=\"lazy\" decoding=\"async\" src=\"data:image\/gif;base64,R0lGODlhAQABAJEAAAAAAP\/\/\/\/\/\/\/wAAACH5BAEHAAIALAAAAAABAAEAAAICVAEAOw==\" data-src=\"\/wordpress\/wp-content\/plugins\/widgetkit\/cache\/gallery\/1539\/IMG_1150-841099f375.JPG\" width=\"800\" height=\"600\" alt=\"IMG_1150\" \/><\/a><\/article>\n\t\t\t\t\t\t<\/li>\n\t\t\t\t\t\t\t\t\t\t\n\t\t\t\t\t\t\t\t\t<\/ul>\n\t\t\t\t\t\t\t\t\t\t\t<ul class=\"set\">\n\t\t\t\t\t\t\t\t\t\t\t\t\t\t\t\t<li>\n\t\t\t\t\t\t\t<article class=\"wk-content\"><a class=\"\" href=\"\/wordpress\/wp-content\/uploads\/Seminar 2013\/IMG_1152.JPG\" data-lightbox=\"group:1539-69e32f01115be\"><img loading=\"lazy\" decoding=\"async\" src=\"data:image\/gif;base64,R0lGODlhAQABAJEAAAAAAP\/\/\/\/\/\/\/wAAACH5BAEHAAIALAAAAAABAAEAAAICVAEAOw==\" data-src=\"\/wordpress\/wp-content\/plugins\/widgetkit\/cache\/gallery\/1539\/IMG_1152-e799b7e34a.JPG\" width=\"800\" height=\"600\" alt=\"IMG_1152\" \/><\/a><\/article>\n\t\t\t\t\t\t<\/li>\n\t\t\t\t\t\t\t\t\t\t\n\t\t\t\t\t\t\t\t\t\t\t\t\t\t\t\t<li>\n\t\t\t\t\t\t\t<article class=\"wk-content\"><a class=\"\" href=\"\/wordpress\/wp-content\/uploads\/Seminar 2013\/PB114355.JPG\" data-lightbox=\"group:1539-69e32f01115be\"><img loading=\"lazy\" decoding=\"async\" src=\"data:image\/gif;base64,R0lGODlhAQABAJEAAAAAAP\/\/\/\/\/\/\/wAAACH5BAEHAAIALAAAAAABAAEAAAICVAEAOw==\" data-src=\"\/wordpress\/wp-content\/plugins\/widgetkit\/cache\/gallery\/1539\/PB114355-dc6c1c15ec.JPG\" width=\"800\" height=\"533\" alt=\"PB114355\" \/><\/a><\/article>\n\t\t\t\t\t\t<\/li>\n\t\t\t\t\t\t\t\t\t\t\n\t\t\t\t\t\t\t\t\t\t\t\t\t\t\t\t<li>\n\t\t\t\t\t\t\t<article class=\"wk-content\"><a class=\"\" href=\"\/wordpress\/wp-content\/uploads\/Seminar 2013\/PB134365.JPG\" data-lightbox=\"group:1539-69e32f01115be\"><img loading=\"lazy\" decoding=\"async\" src=\"data:image\/gif;base64,R0lGODlhAQABAJEAAAAAAP\/\/\/\/\/\/\/wAAACH5BAEHAAIALAAAAAABAAEAAAICVAEAOw==\" data-src=\"\/wordpress\/wp-content\/plugins\/widgetkit\/cache\/gallery\/1539\/PB134365-0c4f8bd8b7.JPG\" width=\"800\" height=\"533\" alt=\"PB134365\" \/><\/a><\/article>\n\t\t\t\t\t\t<\/li>\n\t\t\t\t\t\t\t\t\t\t\n\t\t\t\t\t\t\t\t\t<\/ul>\n\t\t\t\t\t\t\t\t\t\t\t<ul class=\"set\">\n\t\t\t\t\t\t\t\t\t\t\t\t\t\t\t\t<li>\n\t\t\t\t\t\t\t<article class=\"wk-content\"><a class=\"\" href=\"\/wordpress\/wp-content\/uploads\/Seminar 2013\/PB134372.JPG\" data-lightbox=\"group:1539-69e32f01115be\"><img loading=\"lazy\" decoding=\"async\" src=\"data:image\/gif;base64,R0lGODlhAQABAJEAAAAAAP\/\/\/\/\/\/\/wAAACH5BAEHAAIALAAAAAABAAEAAAICVAEAOw==\" data-src=\"\/wordpress\/wp-content\/plugins\/widgetkit\/cache\/gallery\/1539\/PB134372-7423ca5525.JPG\" width=\"800\" height=\"533\" alt=\"PB134372\" \/><\/a><\/article>\n\t\t\t\t\t\t<\/li>\n\t\t\t\t\t\t\t\t\t\t\n\t\t\t\t\t\t\t\t\t\t\t\t\t\t\t\t<li>\n\t\t\t\t\t\t\t<article class=\"wk-content\"><a class=\"\" href=\"\/wordpress\/wp-content\/uploads\/Seminar 2013\/PB134383.JPG\" data-lightbox=\"group:1539-69e32f01115be\"><img loading=\"lazy\" decoding=\"async\" src=\"data:image\/gif;base64,R0lGODlhAQABAJEAAAAAAP\/\/\/\/\/\/\/wAAACH5BAEHAAIALAAAAAABAAEAAAICVAEAOw==\" data-src=\"\/wordpress\/wp-content\/plugins\/widgetkit\/cache\/gallery\/1539\/PB134383-3a48e5f5f7.JPG\" width=\"800\" height=\"533\" alt=\"PB134383\" \/><\/a><\/article>\n\t\t\t\t\t\t<\/li>\n\t\t\t\t\t\t\t\t\t\t\n\t\t\t\t\t\t\t\t\t\t\t\t\t\t\t\t<li>\n\t\t\t\t\t\t\t<article class=\"wk-content\"><a class=\"\" href=\"\/wordpress\/wp-content\/uploads\/Seminar 2013\/PB144401.JPG\" data-lightbox=\"group:1539-69e32f01115be\"><img loading=\"lazy\" decoding=\"async\" src=\"data:image\/gif;base64,R0lGODlhAQABAJEAAAAAAP\/\/\/\/\/\/\/wAAACH5BAEHAAIALAAAAAABAAEAAAICVAEAOw==\" data-src=\"\/wordpress\/wp-content\/plugins\/widgetkit\/cache\/gallery\/1539\/PB144401-942942e81f.JPG\" width=\"800\" height=\"533\" alt=\"PB144401\" \/><\/a><\/article>\n\t\t\t\t\t\t<\/li>\n\t\t\t\t\t\t\t\t\t\t\n\t\t\t\t\t\t\t\t\t<\/ul>\n\t\t\t\t\t\t\t\t\t\t\t<ul class=\"set\">\n\t\t\t\t\t\t\t\t\t\t\t\t\t\t\t\t<li>\n\t\t\t\t\t\t\t<article class=\"wk-content\"><a class=\"\" href=\"\/wordpress\/wp-content\/uploads\/Seminar 2013\/PB144404.JPG\" data-lightbox=\"group:1539-69e32f01115be\"><img loading=\"lazy\" decoding=\"async\" src=\"data:image\/gif;base64,R0lGODlhAQABAJEAAAAAAP\/\/\/\/\/\/\/wAAACH5BAEHAAIALAAAAAABAAEAAAICVAEAOw==\" data-src=\"\/wordpress\/wp-content\/plugins\/widgetkit\/cache\/gallery\/1539\/PB144404-73a2732f9b.JPG\" width=\"800\" height=\"533\" alt=\"PB144404\" \/><\/a><\/article>\n\t\t\t\t\t\t<\/li>\n\t\t\t\t\t\t\t\t\t\t\n\t\t\t\t\t\t\t\t\t\t\t\t\t\t\t\t<li>\n\t\t\t\t\t\t\t<article class=\"wk-content\"><a class=\"\" href=\"\/wordpress\/wp-content\/uploads\/Seminar 2013\/PB144409.JPG\" data-lightbox=\"group:1539-69e32f01115be\"><img loading=\"lazy\" decoding=\"async\" src=\"data:image\/gif;base64,R0lGODlhAQABAJEAAAAAAP\/\/\/\/\/\/\/wAAACH5BAEHAAIALAAAAAABAAEAAAICVAEAOw==\" data-src=\"\/wordpress\/wp-content\/plugins\/widgetkit\/cache\/gallery\/1539\/PB144409-8e3a868029.JPG\" width=\"400\" height=\"600\" alt=\"PB144409\" \/><\/a><\/article>\n\t\t\t\t\t\t<\/li>\n\t\t\t\t\t\t\t\t\t\t\n\t\t\t\t\t\t\t\t\t\t\t\t\t\t\t\t<li>\n\t\t\t\t\t\t\t<article class=\"wk-content\"><a class=\"\" href=\"\/wordpress\/wp-content\/uploads\/Seminar 2013\/PB184493.JPG\" data-lightbox=\"group:1539-69e32f01115be\"><img loading=\"lazy\" decoding=\"async\" src=\"data:image\/gif;base64,R0lGODlhAQABAJEAAAAAAP\/\/\/\/\/\/\/wAAACH5BAEHAAIALAAAAAABAAEAAAICVAEAOw==\" data-src=\"\/wordpress\/wp-content\/plugins\/widgetkit\/cache\/gallery\/1539\/PB184493-a756310587.JPG\" width=\"800\" height=\"533\" alt=\"PB184493\" \/><\/a><\/article>\n\t\t\t\t\t\t<\/li>\n\t\t\t\t\t\t\t\t\t\t\n\t\t\t\t\t\t\t\t\t<\/ul>\n\t\t\t\t\t\t\t\t\t\t\t<ul class=\"set\">\n\t\t\t\t\t\t\t\t\t\t\t\t\t\t\t\t<li>\n\t\t\t\t\t\t\t<article class=\"wk-content\"><a class=\"\" href=\"\/wordpress\/wp-content\/uploads\/Seminar 2013\/PB194501.JPG\" data-lightbox=\"group:1539-69e32f01115be\"><img loading=\"lazy\" decoding=\"async\" src=\"data:image\/gif;base64,R0lGODlhAQABAJEAAAAAAP\/\/\/\/\/\/\/wAAACH5BAEHAAIALAAAAAABAAEAAAICVAEAOw==\" data-src=\"\/wordpress\/wp-content\/plugins\/widgetkit\/cache\/gallery\/1539\/PB194501-2043e72f10.JPG\" width=\"400\" height=\"600\" alt=\"PB194501\" \/><\/a><\/article>\n\t\t\t\t\t\t<\/li>\n\t\t\t\t\t\t\t\t\t\t\n\t\t\t\t\t\t\t\t\t\t\t\t\t\t\t\t<li>\n\t\t\t\t\t\t\t<article class=\"wk-content\"><a class=\"\" href=\"\/wordpress\/wp-content\/uploads\/Seminar 2013\/PB194503.JPG\" data-lightbox=\"group:1539-69e32f01115be\"><img loading=\"lazy\" decoding=\"async\" src=\"data:image\/gif;base64,R0lGODlhAQABAJEAAAAAAP\/\/\/\/\/\/\/wAAACH5BAEHAAIALAAAAAABAAEAAAICVAEAOw==\" data-src=\"\/wordpress\/wp-content\/plugins\/widgetkit\/cache\/gallery\/1539\/PB194503-6da4047f4e.JPG\" width=\"800\" height=\"533\" alt=\"PB194503\" \/><\/a><\/article>\n\t\t\t\t\t\t<\/li>\n\t\t\t\t\t\t\t\t\t\t\n\t\t\t\t\t\t\t\t\t\t\t\t\t\t\t\t<li>\n\t\t\t\t\t\t\t<article class=\"wk-content\"><a class=\"\" href=\"\/wordpress\/wp-content\/uploads\/Seminar 2013\/PB194512.JPG\" data-lightbox=\"group:1539-69e32f01115be\"><img loading=\"lazy\" decoding=\"async\" src=\"data:image\/gif;base64,R0lGODlhAQABAJEAAAAAAP\/\/\/\/\/\/\/wAAACH5BAEHAAIALAAAAAABAAEAAAICVAEAOw==\" data-src=\"\/wordpress\/wp-content\/plugins\/widgetkit\/cache\/gallery\/1539\/PB194512-4ac13e99aa.JPG\" width=\"400\" height=\"600\" alt=\"PB194512\" \/><\/a><\/article>\n\t\t\t\t\t\t<\/li>\n\t\t\t\t\t\t\t\t\t\t\n\t\t\t\t\t\t\t\t\t<\/ul>\n\t\t\t\t\t\t\t\t\t\t\t<ul class=\"set\">\n\t\t\t\t\t\t\t\t\t\t\t\t\t\t\t\t<li>\n\t\t\t\t\t\t\t<article class=\"wk-content\"><a class=\"\" href=\"\/wordpress\/wp-content\/uploads\/Seminar 2013\/PB194514.JPG\" data-lightbox=\"group:1539-69e32f01115be\"><img loading=\"lazy\" decoding=\"async\" src=\"data:image\/gif;base64,R0lGODlhAQABAJEAAAAAAP\/\/\/\/\/\/\/wAAACH5BAEHAAIALAAAAAABAAEAAAICVAEAOw==\" data-src=\"\/wordpress\/wp-content\/plugins\/widgetkit\/cache\/gallery\/1539\/PB194514-04f151db04.JPG\" width=\"800\" height=\"533\" alt=\"PB194514\" \/><\/a><\/article>\n\t\t\t\t\t\t<\/li>\n\t\t\t\t\t\t\t\t\t\t\n\t\t\t\t\t\t\t\t\t\t\t\t\t\t\t\t<li>\n\t\t\t\t\t\t\t<article class=\"wk-content\"><a class=\"\" href=\"\/wordpress\/wp-content\/uploads\/Seminar 2013\/PB194519.JPG\" data-lightbox=\"group:1539-69e32f01115be\"><img loading=\"lazy\" decoding=\"async\" src=\"data:image\/gif;base64,R0lGODlhAQABAJEAAAAAAP\/\/\/\/\/\/\/wAAACH5BAEHAAIALAAAAAABAAEAAAICVAEAOw==\" data-src=\"\/wordpress\/wp-content\/plugins\/widgetkit\/cache\/gallery\/1539\/PB194519-2d2a6e785b.JPG\" width=\"800\" height=\"533\" alt=\"PB194519\" \/><\/a><\/article>\n\t\t\t\t\t\t<\/li>\n\t\t\t\t\t\t\t\t\t\t\n\t\t\t\t\t\t\t\t\t\t\t\t\t\t\t\t<li>\n\t\t\t\t\t\t\t<article class=\"wk-content\"><a class=\"\" href=\"\/wordpress\/wp-content\/uploads\/Seminar 2013\/PB204540.JPG\" data-lightbox=\"group:1539-69e32f01115be\"><img loading=\"lazy\" decoding=\"async\" src=\"data:image\/gif;base64,R0lGODlhAQABAJEAAAAAAP\/\/\/\/\/\/\/wAAACH5BAEHAAIALAAAAAABAAEAAAICVAEAOw==\" data-src=\"\/wordpress\/wp-content\/plugins\/widgetkit\/cache\/gallery\/1539\/PB204540-586ed9a27c.JPG\" width=\"800\" height=\"533\" alt=\"PB204540\" \/><\/a><\/article>\n\t\t\t\t\t\t<\/li>\n\t\t\t\t\t\t\t\t\t\t\n\t\t\t\t\t\t\t\t\t<\/ul>\n\t\t\t\t\t\t\t\t\t<\/div>\n\t\t<div class=\"next\"><\/div><div class=\"prev\"><\/div>\t<\/div>\n\t\t<ul class=\"nav icon\"><li><span><\/span><\/li><li><span><\/span><\/li><li><span><\/span><\/li><li><span><\/span><\/li><li><span><\/span><\/li><li><span><\/span><\/li><li><span><\/span><\/li><li><span><\/span><\/li><\/ul>\n\t<\/div>","protected":false},"excerpt":{"rendered":"<p>Auch im Jahr 2014 fanden \u00f6sterreichweit\u00a0cpulohn\u00ae Seminare statt. Bei den Veranstaltungen durfte CPU \u00fcber 230 Teilnehmer begr\u00fc\u00dfen, was einen neuen Rekord in der Firmengeschichte bedeutet. Mag. Seebacher Michael (bundesweiter Fachbereich der Finanzverwaltung) und Manuel Hetzl B.A. (Gesch\u00e4ftsf\u00fchrer der CPU Informatik GmbH) vermittelten die aktuellsten Neuerungen rund um die Lohnverrechnung in den Bereichen Lohnsteuer-, Sozialversicherungs-, und [&hellip;]<\/p>\n","protected":false},"author":1,"featured_media":0,"parent":1015,"menu_order":0,"comment_status":"closed","ping_status":"closed","template":"","meta":{"footnotes":""},"tags":[],"class_list":["post-979","page","type-page","status-publish","hentry"],"_links":{"self":[{"href":"https:\/\/cpulohn.at\/wordpress\/index.php?rest_route=\/wp\/v2\/pages\/979","targetHints":{"allow":["GET"]}}],"collection":[{"href":"https:\/\/cpulohn.at\/wordpress\/index.php?rest_route=\/wp\/v2\/pages"}],"about":[{"href":"https:\/\/cpulohn.at\/wordpress\/index.php?rest_route=\/wp\/v2\/types\/page"}],"author":[{"embeddable":true,"href":"https:\/\/cpulohn.at\/wordpress\/index.php?rest_route=\/wp\/v2\/users\/1"}],"replies":[{"embeddable":true,"href":"https:\/\/cpulohn.at\/wordpress\/index.php?rest_route=%2Fwp%2Fv2%2Fcomments&post=979"}],"version-history":[{"count":27,"href":"https:\/\/cpulohn.at\/wordpress\/index.php?rest_route=\/wp\/v2\/pages\/979\/revisions"}],"predecessor-version":[{"id":1840,"href":"https:\/\/cpulohn.at\/wordpress\/index.php?rest_route=\/wp\/v2\/pages\/979\/revisions\/1840"}],"up":[{"embeddable":true,"href":"https:\/\/cpulohn.at\/wordpress\/index.php?rest_route=\/wp\/v2\/pages\/1015"}],"wp:attachment":[{"href":"https:\/\/cpulohn.at\/wordpress\/index.php?rest_route=%2Fwp%2Fv2%2Fmedia&parent=979"}],"wp:term":[{"taxonomy":"post_tag","embeddable":true,"href":"https:\/\/cpulohn.at\/wordpress\/index.php?rest_route=%2Fwp%2Fv2%2Ftags&post=979"}],"curies":[{"name":"wp","href":"https:\/\/api.w.org\/{rel}","templated":true}]}}