{"id":975,"date":"2025-10-23T10:33:51","date_gmt":"2025-10-23T09:33:51","guid":{"rendered":"http:\/\/cpulohn.net\/wordpress\/?page_id=975"},"modified":"2025-10-27T08:20:45","modified_gmt":"2025-10-27T07:20:45","slug":"seminare","status":"publish","type":"page","link":"https:\/\/cpulohn.at\/wordpress\/?page_id=975","title":{"rendered":"Seminar\u00fcbersicht"},"content":{"rendered":"\r\n<p>Damit Sie als Lohnverrechner immer \u00fcber aktuelle Informationen aus erster Hand verf\u00fcgen bieten wir auch heuer wieder eine Teilnahme an unseren Praxisseminaren \u201eNeuerungen f\u00fcr die Lohnabrechnung 2026\u201c an.<\/p>\r\n\r\n\r\n\r\n<p>Im Seminar <strong>&#8222;Neuerungen f\u00fcr die Lohnabrechnung 2026&#8220;<\/strong> werden alle \u00c4nderungen f\u00fcr das kommende Jahr im Bereich Lohnsteuer, Sozialversicherung und des Arbeitsrechts von einem der f\u00fchrenden \u00f6sterreichischen Experten, <strong>Mag. Michael Seebacher<\/strong> (Fachvorstand im Pr\u00fcfdienst f\u00fcr Lohnabgaben und Beitr\u00e4ge,\u00a0Vortragender an der Bundesfinanzakademie und Fachautor) behandelt.<\/p>\r\n\r\n\r\n\r\n<p>Im &#8222;<span style=\"color: #716fb3;\"><strong>cpu<\/strong><\/span>lohn<span style=\"font-size: 8pt;\"><sup>\u00ae<\/sup><\/span> &#8211; Anwenderseminar&#8220; vermittelt das Team von CPU Informatik, wie diese rechtlichen \u00c4nderungen im Personalabrechnungssystem <span style=\"color: #716fb3;\">cpu<\/span>lohn<span style=\"font-size: 8pt;\"><sup>\u00ae<\/sup><\/span> eingebaut wurden und pr\u00e4sentiert arbeitserleichternde Features und Arbeitsabl\u00e4ufe von <span style=\"color: #716fb3;\">cpu<\/span>lohn<span style=\"font-size: 8pt;\"><sup>\u00ae<\/sup><\/span>.<\/p>\r\n\r\n\r\n\r\n<p>Auch dieses Jahr bieten wir die Fortbildung als WEB Seminar (Live Stream) an. Eine Interaktion mit den Vortragenden ist wie gewohnt m\u00f6glich. Gerne k\u00f6nnen Sie uns Ihre individuelle Frage zum Software Produkt auch im Vorfeld \u00fcbermitteln.<\/p>\r\n\r\n\r\n<!--\r\n<p><a href=\"https:\/\/cpulohn.at\/wordpress\/wp-content\/uploads\/2023\/10\/Neuerungen-Lohnverrechnung-2024.pdf\" target=\"_blank\" rel=\"noreferrer noopener\">Download Seminarfolder - Einladung und Informationen <\/a><\/p>\r\n-->\r\n\r\n\r\n<p><strong>cpulohn Anwenderseminar &amp; Neuerungen f\u00fcr die Lohnabrechnung 2026 &#8211; WEB Seminar (2 Halbtage)<\/strong><\/p>\r\n\r\n\r\n\r\n<p>Referenten: Mag. Michael Seebacher &#038; Team von CPU Informatik &#8211; Fr. Rieder<br>Geb\u00fchr: \u20ac 485,- exkl. MwSt<br>jeder zus\u00e4tzliche Teilnehmer eines Unternehmens: &#8211; 50 %<\/p>\r\n\r\n\r\n\r\n<p><strong>Termin A: Donnerstag 11.12.2025<\/strong><\/p>\r\n\r\n\r\n\r\n<p>Block 1: 09:00 &#8211; 12:30 Neuerungen in der Personalverrechnung 2026 (Steuer-, Arbeits- und Sozialversicherungsrecht von Mag. Seebacher Michael)<\/p>\r\n\r\n\r\n\r\n<p>Block 2: 14:00 &#8211; 16:00 Anwenderseminar cpulohn (Team von CPU Informatik &#8211; Fr. Rieder)<\/p>\r\n\r\n\r\n\r\n<p><strong>Termin B: Dienstag 16.12.2025<\/strong><\/p>\r\n\r\n\r\n\r\n<p>Block 1: 10:00 &#8211; 12:00 Anwenderseminar cpulohn (Team von CPU Informatik &#8211; Fr. Rieder)<\/p>\r\n\r\n\r\n\r\n<p>Block 2:\u00a013:00 &#8211; 16:30 Neuerungen in der Personalverrechnung 2026 (Steuer-, Arbeits- und Sozialversicherungsrecht von Mag. Seebacher Michael)<\/p>\r\n\r\n<p>Approbationsf\u00e4hig i.S. der Fortbildung gem. \u00a7 33 Abs. 3 BiBuG 2014. Eine Teilnahmebest\u00e4tigung wird auf Wunsch ausgestellt.<\/p>\r\n\r\n\r\n<p>Bitte beachten Sie: Um Ihnen <strong> gr\u00f6\u00dftm\u00f6gliche Flexibilit\u00e4t <\/strong> beim Besuch des Praxisseminars\u00a0zu erm\u00f6glichen k\u00f6nnen die Bl\u00f6cke auch zu <strong>unterschiedlichen Terminen<\/strong> online gebucht werden!<\/p>\r\n","protected":false},"excerpt":{"rendered":"<p>Damit Sie als Lohnverrechner immer \u00fcber aktuelle Informationen aus erster Hand verf\u00fcgen bieten wir auch heuer wieder eine Teilnahme an unseren Praxisseminaren \u201eNeuerungen f\u00fcr die Lohnabrechnung 2026\u201c an. Im Seminar &#8222;Neuerungen f\u00fcr die Lohnabrechnung 2026&#8220; werden alle \u00c4nderungen f\u00fcr das kommende Jahr im Bereich Lohnsteuer, Sozialversicherung und des Arbeitsrechts von einem der f\u00fchrenden \u00f6sterreichischen Experten, [&hellip;]<\/p>\n","protected":false},"author":1,"featured_media":0,"parent":1015,"menu_order":0,"comment_status":"closed","ping_status":"closed","template":"","meta":{"footnotes":""},"tags":[],"class_list":["post-975","page","type-page","status-publish","hentry"],"_links":{"self":[{"href":"https:\/\/cpulohn.at\/wordpress\/index.php?rest_route=\/wp\/v2\/pages\/975","targetHints":{"allow":["GET"]}}],"collection":[{"href":"https:\/\/cpulohn.at\/wordpress\/index.php?rest_route=\/wp\/v2\/pages"}],"about":[{"href":"https:\/\/cpulohn.at\/wordpress\/index.php?rest_route=\/wp\/v2\/types\/page"}],"author":[{"embeddable":true,"href":"https:\/\/cpulohn.at\/wordpress\/index.php?rest_route=\/wp\/v2\/users\/1"}],"replies":[{"embeddable":true,"href":"https:\/\/cpulohn.at\/wordpress\/index.php?rest_route=%2Fwp%2Fv2%2Fcomments&post=975"}],"version-history":[{"count":86,"href":"https:\/\/cpulohn.at\/wordpress\/index.php?rest_route=\/wp\/v2\/pages\/975\/revisions"}],"predecessor-version":[{"id":1953,"href":"https:\/\/cpulohn.at\/wordpress\/index.php?rest_route=\/wp\/v2\/pages\/975\/revisions\/1953"}],"up":[{"embeddable":true,"href":"https:\/\/cpulohn.at\/wordpress\/index.php?rest_route=\/wp\/v2\/pages\/1015"}],"wp:attachment":[{"href":"https:\/\/cpulohn.at\/wordpress\/index.php?rest_route=%2Fwp%2Fv2%2Fmedia&parent=975"}],"wp:term":[{"taxonomy":"post_tag","embeddable":true,"href":"https:\/\/cpulohn.at\/wordpress\/index.php?rest_route=%2Fwp%2Fv2%2Ftags&post=975"}],"curies":[{"name":"wp","href":"https:\/\/api.w.org\/{rel}","templated":true}]}}