{"id":959,"date":"2013-03-21T07:20:15","date_gmt":"2013-03-21T07:20:15","guid":{"rendered":"http:\/\/cpulohn.net\/wordpress\/?page_id=959"},"modified":"2013-03-27T08:50:16","modified_gmt":"2013-03-27T08:50:16","slug":"news","status":"publish","type":"page","link":"https:\/\/cpulohn.at\/wordpress\/?page_id=959","title":{"rendered":"News"},"content":{"rendered":"Wir informieren Sie regelm\u00e4\u00dfig \u00fcber die Neuigkeiten in der Lohn- und Personalverrechnungswelt, sowie unserer Firma.","protected":false},"excerpt":{"rendered":"<p>Wir informieren Sie regelm\u00e4\u00dfig \u00fcber die Neuigkeiten in der Lohn- und Personalverrechnungswelt, sowie unserer Firma.<\/p>\n","protected":false},"author":1,"featured_media":0,"parent":0,"menu_order":0,"comment_status":"closed","ping_status":"closed","template":"","meta":{"footnotes":""},"tags":[60],"class_list":["post-959","page","type-page","status-publish","hentry","tag-updates"],"_links":{"self":[{"href":"https:\/\/cpulohn.at\/wordpress\/index.php?rest_route=\/wp\/v2\/pages\/959","targetHints":{"allow":["GET"]}}],"collection":[{"href":"https:\/\/cpulohn.at\/wordpress\/index.php?rest_route=\/wp\/v2\/pages"}],"about":[{"href":"https:\/\/cpulohn.at\/wordpress\/index.php?rest_route=\/wp\/v2\/types\/page"}],"author":[{"embeddable":true,"href":"https:\/\/cpulohn.at\/wordpress\/index.php?rest_route=\/wp\/v2\/users\/1"}],"replies":[{"embeddable":true,"href":"https:\/\/cpulohn.at\/wordpress\/index.php?rest_route=%2Fwp%2Fv2%2Fcomments&post=959"}],"version-history":[{"count":4,"href":"https:\/\/cpulohn.at\/wordpress\/index.php?rest_route=\/wp\/v2\/pages\/959\/revisions"}],"predecessor-version":[{"id":1068,"href":"https:\/\/cpulohn.at\/wordpress\/index.php?rest_route=\/wp\/v2\/pages\/959\/revisions\/1068"}],"wp:attachment":[{"href":"https:\/\/cpulohn.at\/wordpress\/index.php?rest_route=%2Fwp%2Fv2%2Fmedia&parent=959"}],"wp:term":[{"taxonomy":"post_tag","embeddable":true,"href":"https:\/\/cpulohn.at\/wordpress\/index.php?rest_route=%2Fwp%2Fv2%2Ftags&post=959"}],"curies":[{"name":"wp","href":"https:\/\/api.w.org\/{rel}","templated":true}]}}