{"id":912,"date":"2013-03-21T07:07:33","date_gmt":"2013-03-21T07:07:33","guid":{"rendered":"http:\/\/cpulohn.net\/wordpress\/?page_id=912"},"modified":"2013-07-01T12:40:46","modified_gmt":"2013-07-01T12:40:46","slug":"historie","status":"publish","type":"page","link":"https:\/\/cpulohn.at\/wordpress\/?page_id=912","title":{"rendered":"Historie"},"content":{"rendered":"<br>\r\n<strong>1984<\/strong>\r\n&nbsp;\r\n\r\n\r\nEduard Hetzl entwickelt ein Lohnberechnungsprogramm auf &#8222;Sharp&#8220;-Pocketcomputer, welches in den folgenden Jahren insgesamt \u00fcber 7.000 Mal verkauft werden sollte. Diese mobile L\u00f6sung erm\u00f6glicht bis dahin nicht bekannte Berechnungsm\u00f6glichkeiten, wie beispielsweise die &#8222;Netto-Brutto-Berechnung&#8220;. Zu den Kunden z\u00e4hlen auch die Pr\u00fcfer der Finanzverwaltung und der Sozialversicherung. Der Vertrieb erfolgt \u00fcber den Perlinger Verlag.\r\n<br><br>\r\n<strong>1987<\/strong>\r\n&nbsp;\r\n\r\n\r\nGr\u00fcndung der Firma &#8222;CPU Informatik GmbH&#8220; durch Eduard Hetzl.\r\n<br><br>\r\n\r\n<strong>1989<\/strong>\r\n&nbsp;\r\n\r\n\r\nDie Gesch\u00e4ftsr\u00e4umlichkeiten werden in den Unteren Stadtplatz 11, 6330 Kufstein verlegt.\r\n<br><br>\r\n\r\n<strong>1990<\/strong>\r\n&nbsp;\r\n\r\n\r\nEntwicklung der Software f\u00fcr den Sharp &#8222;IQ Organizer&#8220;. Mehr als 900 Steuerberater verwenden diese mobilen L\u00f6sung zur Beratung ihrer Klienten.\r\n<br><br>\r\n\r\n<strong>1996<\/strong>\r\n&nbsp;\r\n\r\n\r\n&#8222;Lohn Xpress&#8220;, die Windows-Version der Lohnberechnungssoftware wird freigegeben, und wird ein beliebtes Tool f\u00fcr Personalisten, Berater und Pr\u00fcfer. Zudem verwendet eine steigende Anzahl von Lohnverrechnern das Produkt &#8222;Lohn Xpress&#8220; zur Erledigung der laufenden Lohnabrechnung.\r\n<br><br>\r\n\r\n<strong>1999<\/strong>\r\n&nbsp;\r\n\r\n\r\n\u00dcbersiedlung in den neu erbauten Standort Kufstein, Untere Feldgasse 1.\r\n\r\nKauf der Programmrechte an &#8222;Sieberer Lohn&#8220; und des dazugeh\u00f6rigen Kundenstocks (ca. 160 Kunden) von Josef Sieberer. &#8222;Sieberer Lohn&#8220; wird unter der Bezeichnung &#8222;S-Lohn&#8220; von CPU vertrieben und gewartet und in den folgenden Jahren von Entwicklern der Firma CPU im Leistungsumfang stark ausgebaut.\r\n\r\nJosef Sieberer erwirbt 30% der Gesch\u00e4ftsanteile an der Firma und wird neben Eduard Hetzl zum weiteren Gesch\u00e4ftsf\u00fchrer bestellt.\r\n<br><br>\r\n\r\n<strong>2000<\/strong>\r\n&nbsp;\r\n\r\n\r\nCPU entwickelt \u00d6sterreichs ersten Online Gehaltsrechner, den &#8222;Brutto-Netto-Rechner&#8220;.\r\nJosef Broukal stellt diese Neuheit im \u00d6sterreichischen Fernsehen (ORF1) vor.\r\nDadurch erh\u00e4lt der Rechner einen hohen Bekanntheitsgrad und wird in den folgenden Jahren millionenfach aufgerufen.\r\n<br><br>\r\n\r\n<strong>2006<\/strong>\r\n&nbsp;\r\n\r\n\r\n&#8222;LohnXpress&#8220; wird im Rahmen der Neuausrichtung des Corporate Designs in &#8222;cpuLohn.xpress&#8220; und &#8222;S-Lohn&#8220; in <span style=\"color: #716fb3;\">cpu<\/span>lohn<span style=\"font-size: 8pt;\"><sup>\u00ae<\/sup><\/span> umbenannt.\r\n<br><br>\r\n<strong>2009<\/strong>\r\n&nbsp;\r\n\r\n\r\nCPU investiert verst\u00e4rkt in den Gesch\u00e4ftszweig &#8222;Webservices&#8220; und &#8222;mobile Apps&#8220;. Namhafte Wirtschaftsverlage und Ministerien greifen auf Leistungen von CPU zur\u00fcck.\r\n<br>\r\n<br>\r\n\r\n<strong>2010<\/strong>\r\n&nbsp;\r\n\r\n\r\nJosef Sieberer scheidet aus der Gesch\u00e4ftsf\u00fchrung aus.\r\n\r\nManuel Hetzl, bereits seit 2003 im Unternehmen besch\u00e4ftigt, tritt als Gesellschafter in die Firma ein und wird zum weiteren Gesch\u00e4ftsf\u00fchrer berufen.\r\n\r\n60.000 Abrechnungen werden monatlich mit <span style=\"color: #716fb3;\">cpu<\/span>lohn<span style=\"font-size: 8pt;\"><sup>\u00ae<\/sup><\/span> durchgef\u00fchrt.\r\n\r\nCPU entwickelt ein ma\u00dfgeschneidertes Software-Tool zum Datenaustausch zwischen Pensionskassen und SV-Tr\u00e4gern. Eine f\u00fchrende \u00f6sterreichische Pensionskasse setzt dieses Tool mit besten Ergebnissen ein.\r\n<br><br>\r\n\r\n<strong>2011<\/strong>\r\n&nbsp;\r\n\r\n\r\nStart der Softwareentwicklung des Nachfolgeprodukts unter Microsoft Visual Studio.net.\r\n<br><br>\r\n\r\n<strong>2012<\/strong>\r\n&nbsp;\r\n\r\n\r\nCPU \u00fcbernimmt &#8222;Orlando Lohn&#8220; von der Firma BOS EDV GmbH &amp; CoKG. Das Produkt Orlando Lohn wird nicht mehr fortgef\u00fchrt und durch <span style=\"color: #716fb3;\">cpu<\/span>lohn<span style=\"font-size: 8pt;\"><sup>\u00ae<\/sup><\/span> abgel\u00f6st.\r\n\r\nJosef Sieberer verkauft seine Gesch\u00e4ftsanteile an Eduard Hetzl. Damit befindet sich die Firma CPU Informatik GmbH wieder vollst\u00e4ndig in Familienbesitz.\r\n\r\nErweiterung der B\u00fcror\u00e4umlichkeiten f\u00fcr die Entwicklungsabteilung der Firma am bisherigen Firmenstandort.\r\n<br><br>\r\n\r\n<strong>2013<\/strong>\r\n&nbsp;\r\n\r\n\r\nCPU \u00fcbernimmt die Kunden von &#8222;Fox-Lohn&#8220;, dessen Fortf\u00fchrung eingestellt wurde.\r\n\r\nInzwischen werden mehr als 100.000 Abrechnungen pro Monat mit <span style=\"color: #716fb3;\">cpu<\/span>lohn<span style=\"font-size: 8pt;\"><sup>\u00ae<\/sup><\/span> abgewickelt.","protected":false},"excerpt":{"rendered":"<p>1984 &nbsp; Eduard Hetzl entwickelt ein Lohnberechnungsprogramm auf &#8222;Sharp&#8220;-Pocketcomputer, welches in den folgenden Jahren insgesamt \u00fcber 7.000 Mal verkauft werden sollte. Diese mobile L\u00f6sung erm\u00f6glicht bis dahin nicht bekannte Berechnungsm\u00f6glichkeiten, wie beispielsweise die &#8222;Netto-Brutto-Berechnung&#8220;. Zu den Kunden z\u00e4hlen auch die Pr\u00fcfer der Finanzverwaltung und der Sozialversicherung. Der Vertrieb erfolgt \u00fcber den Perlinger Verlag. 1987 &nbsp; [&hellip;]<\/p>\n","protected":false},"author":1,"featured_media":0,"parent":805,"menu_order":0,"comment_status":"closed","ping_status":"closed","template":"","meta":{"footnotes":""},"tags":[],"class_list":["post-912","page","type-page","status-publish","hentry"],"_links":{"self":[{"href":"https:\/\/cpulohn.at\/wordpress\/index.php?rest_route=\/wp\/v2\/pages\/912","targetHints":{"allow":["GET"]}}],"collection":[{"href":"https:\/\/cpulohn.at\/wordpress\/index.php?rest_route=\/wp\/v2\/pages"}],"about":[{"href":"https:\/\/cpulohn.at\/wordpress\/index.php?rest_route=\/wp\/v2\/types\/page"}],"author":[{"embeddable":true,"href":"https:\/\/cpulohn.at\/wordpress\/index.php?rest_route=\/wp\/v2\/users\/1"}],"replies":[{"embeddable":true,"href":"https:\/\/cpulohn.at\/wordpress\/index.php?rest_route=%2Fwp%2Fv2%2Fcomments&post=912"}],"version-history":[{"count":48,"href":"https:\/\/cpulohn.at\/wordpress\/index.php?rest_route=\/wp\/v2\/pages\/912\/revisions"}],"predecessor-version":[{"id":1091,"href":"https:\/\/cpulohn.at\/wordpress\/index.php?rest_route=\/wp\/v2\/pages\/912\/revisions\/1091"}],"up":[{"embeddable":true,"href":"https:\/\/cpulohn.at\/wordpress\/index.php?rest_route=\/wp\/v2\/pages\/805"}],"wp:attachment":[{"href":"https:\/\/cpulohn.at\/wordpress\/index.php?rest_route=%2Fwp%2Fv2%2Fmedia&parent=912"}],"wp:term":[{"taxonomy":"post_tag","embeddable":true,"href":"https:\/\/cpulohn.at\/wordpress\/index.php?rest_route=%2Fwp%2Fv2%2Ftags&post=912"}],"curies":[{"name":"wp","href":"https:\/\/api.w.org\/{rel}","templated":true}]}}