{"id":864,"date":"2013-03-21T06:50:01","date_gmt":"2013-03-21T06:50:01","guid":{"rendered":"http:\/\/cpulohn.net\/wordpress\/?page_id=864"},"modified":"2013-06-25T20:10:24","modified_gmt":"2013-06-25T20:10:24","slug":"moduleerweiterungen","status":"publish","type":"page","link":"https:\/\/cpulohn.at\/wordpress\/?page_id=864","title":{"rendered":"Erweiterungen"},"content":{"rendered":"<h3>branchenspezifische Erweiterungen:<\/h3>\r\n\n<div id=\"accordion-1388-69e0a97e7ec1b\" class=\"wk-accordion wk-accordion-default clearfix\" style=\"width: 700px;\" data-widgetkit=\"accordion\" data-options='{\"style\":\"default\",\"collapseall\":1,\"matchheight\":1,\"index\":0,\"duration\":500,\"width\":700,\"order\":\"default\"}'>\n\t\t\t<h3 class=\"toggler\">Baugewerbe<\/h3>\n\t\t<div><div class=\"content wk-content clearfix\"><a href=\"http:\/\/cpulohn.net\/wordpress\/wp-content\/uploads\/2013\/06\/Hammer.png\"><img loading=\"lazy\" decoding=\"async\" width=\"100\" height=\"100\" class=\"size-full wp-image-1391 alignleft\" alt=\"Hammer\" src=\"http:\/\/cpulohn.net\/wordpress\/wp-content\/uploads\/2013\/06\/Hammer.png\" \/><\/a>\r\n<div style=\"padding-left: 120px;\">elektronischer Datenaustausch BUAK\u00a0<br \/>Monatsmeldungen\u00a0<br \/>Einreichung zum Urlaubsentgelt\u00a0<br \/>Antrag auf Schlechtwetterentsch\u00e4digung\u00a0<br \/>Monatsr\u00fcckmeldungen durch die BUAK\u00a0<br \/>Entgeltr\u00fcckmeldungen durch die BUAK\u00a0<br \/>Einreichung zum ersatzweisen Anspruch WiFei\u00a0<br \/>Urlaubsverwaltung f\u00fcr Bauarbeiter\u00a0<br \/>Erfassung der Urlaubstage f\u00fcr Einreichung um Urlaubsentgelt\u00a0<br \/>Eingabe der \u00c4nderungen je Dienstnehmer (Ende Lehrverh\u00e4ltnis, Pr\u00e4senzdienst etc.)<br \/>Protokollausdruck f\u00fcr elektronisch \u00fcbermittelte Daten an BUAK<\/div><\/div><\/div>\n\t\t\t<h3 class=\"toggler\">Gastronomie<\/h3>\n\t\t<div><div class=\"content wk-content clearfix\"><a href=\"http:\/\/cpulohn.net\/wordpress\/wp-content\/uploads\/2013\/06\/Fork-and-knife.png\"><img loading=\"lazy\" decoding=\"async\" width=\"100\" height=\"100\" class=\"size-full wp-image-1394 alignleft\" alt=\"Fork and knife\" src=\"http:\/\/cpulohn.net\/wordpress\/wp-content\/uploads\/2013\/06\/Fork-and-knife.png\" \/><\/a>\r\n<div style=\"padding-left: 120px;\">automatische Ermittlung der SZ-Anspr\u00fcche (UZ, WR, Ersatzleistung) bei Austritten von\u00a0Saisonbediensteten <br br=\"\" austrittspapiere=\"\" der=\"\" ausdruck=\"\" inkl=\"\" ltnissen=\"\" dienstverh=\"\" beendeten=\"\" von=\"\" sofortabrechnung=\"\" \/>Abrechnung mit Festlohn- und Garantielohnsystem\u00a0<br \/>Trinkgeldpauschale\u00a0<br \/>Unterkunfts- und Verpflegungsbewertung f\u00fcr Bilanzierung\u00a0<br \/>gastronomiespezifische Zulagen (Fremdsprachenzulage, Dienstzeitzulage etc.)\u00a0<br \/>Nettolohnvereinbarungen\u00a0<br \/>Dienstvertragsvorlage mit Druckfunktion<\/div><\/div><\/div>\n\t\t\t<h3 class=\"toggler\">Gemeinde<\/h3>\n\t\t<div><div class=\"content wk-content clearfix\"><a href=\"http:\/\/cpulohn.net\/wordpress\/wp-content\/uploads\/2013\/06\/School.png\"><\/a><img loading=\"lazy\" decoding=\"async\" width=\"100\" height=\"100\" class=\"size-full wp-image-1394 alignleft\" alt=\"School\" src=\"http:\/\/cpulohn.net\/wordpress\/wp-content\/uploads\/2013\/06\/School.png\" \/>\r\n<div style=\"padding-left: 120px;\">Abbildung bundesl\u00e4nderspezifischer Gehaltsschemata\u00a0<br \/>kameralistischer Buchungsbeleg\u00a0<br \/>\u00dcberleitung in K.I.M. Haushaltskonten\u00a0<br \/>erf\u00fcllt die Anforderungen der kommunalen Lohnabrechnung\u00a0<br \/>automatische Berechnungen (alle Sonderzahlungen, Teilentgelte, Urlaubsersatzleistungen etc.)\u00a0<br \/>hohe Sicherheit durch umfassende Benutzerberechtigungen\u00a0<br \/>Flexibilit\u00e4t bei gemeindespezifischen Besonderheiten durch Anlage eigener Lohnarten\u00a0<br \/>automatische Daten\u00fcbermittlung zu den Versicherungstr\u00e4gern (via ELDA zu GKK, BVA etc.)<\/div><\/div><\/div>\n\t\t\t<h3 class=\"toggler\">Bergbahn und Personentransport<\/h3>\n\t\t<div><div class=\"content wk-content clearfix\"><a href=\"http:\/\/cpulohn.net\/wordpress\/wp-content\/uploads\/2013\/06\/Train.png\"><\/a><a href=\"http:\/\/cpulohn.net\/wordpress\/wp-content\/uploads\/2013\/06\/Train.png\"><img loading=\"lazy\" decoding=\"async\" width=\"100\" height=\"100\" class=\"size-full wp-image-1394 alignleft\" alt=\"Train\" src=\"http:\/\/cpulohn.net\/wordpress\/wp-content\/uploads\/2013\/06\/Train.png\" \/><\/a>\r\n<div style=\"padding-left: 120px;\">Schnittstelle an das Pensionsinstitut f\u00fcr Verkehr und \u00f6ffentliche Einrichtungen\u00a0<br \/>automatische Daten\u00fcbermittlung zu den Versicherungstr\u00e4gern (via ELDA zu GKK, VAEB)\u00a0<br \/>Kommunalsteueraufteilung auf mehrere Gemeinden\u00a0<br \/>Kostenrechnung nach Kostenstellen und Kostentr\u00e4gern\u00a0<br \/>Kostenrechnungsaufteilung nach Stunden und Betr\u00e4gen inkl. Lohnnebenkosten\u00a0<br \/>Kollektivvertragsverwaltung<\/div><\/div><\/div>\n\t<\/div>\r\n\r\n&nbsp;\r\n<h3>Module:<\/h3>\r\n\n<div id=\"accordion-1397-69e0a97e7f644\" class=\"wk-accordion wk-accordion-default clearfix\" style=\"width: 700px;\" data-widgetkit=\"accordion\" data-options='{\"style\":\"default\",\"collapseall\":1,\"matchheight\":1,\"index\":0,\"duration\":500,\"width\":700,\"order\":\"default\"}'>\n\t\t\t<h3 class=\"toggler\">Integration SAP Business One<\/h3>\n\t\t<div><div class=\"content wk-content clearfix\"><a href=\"http:\/\/cpulohn.net\/wordpress\/wp-content\/uploads\/2013\/06\/Puzzle.png\"><\/a><img loading=\"lazy\" decoding=\"async\" width=\"100\" height=\"100\" class=\"size-full wp-image-1394 alignleft\" alt=\"School\" src=\"http:\/\/cpulohn.net\/wordpress\/wp-content\/uploads\/2013\/06\/Puzzle.png\" \/>\r\n<div style=\"padding-left: 120px;\">direkte \u00dcberleitung in die SAP B1 Finanzbuchhaltung\u00a0<br \/>direkte Daten\u00fcbernahme aus SAP B1:\u00a0<br \/>- Kostenstellen\u00a0<br \/>- Kostenarten<br \/>- Finanzbuchhaltungskonten<br \/>- Personalstammdaten<\/div><\/div><\/div>\n\t\t\t<h3 class=\"toggler\">Integration Personalleasing<\/h3>\n\t\t<div><div class=\"content wk-content clearfix\"><a href=\"http:\/\/cpulohn.net\/wordpress\/wp-content\/uploads\/2013\/06\/Employee.png\"><img loading=\"lazy\" decoding=\"async\" width=\"100\" height=\"100\" class=\"size-full wp-image-1394 alignleft\" alt=\"Fork and knife\" src=\"http:\/\/cpulohn.net\/wordpress\/wp-content\/uploads\/2013\/06\/Employee.png\" \/><\/a>\r\n<div style=\"padding-left: 120px;\">automatische Abrechnung Beitrag Verein Aufleb<br \/>Abrechnung SV-Beitragsgruppe N18<br \/>Abrechnung SV-Beitragsgruppe N28 (Beitrag f\u00fcr den Aus- und Weiterbildungsfond)<br \/>Schnittstelle Prosolution WorkExpert<\/div><\/div><\/div>\n\t\t\t<h3 class=\"toggler\">Kollektivvertrag-Verwaltung<\/h3>\n\t\t<div><div class=\"content wk-content clearfix\"><a href=\"http:\/\/cpulohn.net\/wordpress\/wp-content\/uploads\/2013\/06\/Kollektiv.png\"><img loading=\"lazy\" decoding=\"async\" width=\"100\" height=\"100\" class=\"size-full wp-image-1391 alignleft\" alt=\"Hammer\" src=\"http:\/\/cpulohn.net\/wordpress\/wp-content\/uploads\/2013\/06\/Kollektiv.png\" \/><\/a>\r\n<div style=\"padding-left: 120px;\">automatisiertes Kollektivvertrags-Modul in Kooperation mit <a href=\"http:\/\/www.hgkv.at\/\">HGKV<\/a><br \/>\r\n<div>vollst\u00e4ndig integriertes Kollektivvertragssystem<br \/>mehr als\u00a0600\u00a0Kollektivvertr\u00e4ge<br \/>via Internet aktualisierbar<br \/>Entfall\u00a0der zeitaufw\u00e4ndigen manuellen Anlage und Wartung<br \/>Aufruf von abonnierten Kollektivvertr\u00e4gen \u00fcber WebaccessZugangsdaten<br \/>Importm\u00f6glichkeit von Kollektivvertr\u00e4gen in <span style=\"color: #716fb3;\">cpu<\/span>lohn<span style=\"font-size: 8pt;\"><sup>\u00ae<\/sup><\/span><\/div>\r\n<\/div><\/div><\/div>\n\t<\/div>","protected":false},"excerpt":{"rendered":"<p>branchenspezifische Erweiterungen: &nbsp; Module:<\/p>\n","protected":false},"author":1,"featured_media":0,"parent":665,"menu_order":0,"comment_status":"closed","ping_status":"closed","template":"","meta":{"footnotes":""},"tags":[],"class_list":["post-864","page","type-page","status-publish","hentry"],"_links":{"self":[{"href":"https:\/\/cpulohn.at\/wordpress\/index.php?rest_route=\/wp\/v2\/pages\/864","targetHints":{"allow":["GET"]}}],"collection":[{"href":"https:\/\/cpulohn.at\/wordpress\/index.php?rest_route=\/wp\/v2\/pages"}],"about":[{"href":"https:\/\/cpulohn.at\/wordpress\/index.php?rest_route=\/wp\/v2\/types\/page"}],"author":[{"embeddable":true,"href":"https:\/\/cpulohn.at\/wordpress\/index.php?rest_route=\/wp\/v2\/users\/1"}],"replies":[{"embeddable":true,"href":"https:\/\/cpulohn.at\/wordpress\/index.php?rest_route=%2Fwp%2Fv2%2Fcomments&post=864"}],"version-history":[{"count":24,"href":"https:\/\/cpulohn.at\/wordpress\/index.php?rest_route=\/wp\/v2\/pages\/864\/revisions"}],"predecessor-version":[{"id":1379,"href":"https:\/\/cpulohn.at\/wordpress\/index.php?rest_route=\/wp\/v2\/pages\/864\/revisions\/1379"}],"up":[{"embeddable":true,"href":"https:\/\/cpulohn.at\/wordpress\/index.php?rest_route=\/wp\/v2\/pages\/665"}],"wp:attachment":[{"href":"https:\/\/cpulohn.at\/wordpress\/index.php?rest_route=%2Fwp%2Fv2%2Fmedia&parent=864"}],"wp:term":[{"taxonomy":"post_tag","embeddable":true,"href":"https:\/\/cpulohn.at\/wordpress\/index.php?rest_route=%2Fwp%2Fv2%2Ftags&post=864"}],"curies":[{"name":"wp","href":"https:\/\/api.w.org\/{rel}","templated":true}]}}