{"id":86,"date":"2011-06-08T11:32:55","date_gmt":"2011-06-08T11:32:55","guid":{"rendered":"http:\/\/cpulohn.net\/wordpress\/?page_id=86"},"modified":"2013-07-01T12:39:06","modified_gmt":"2013-07-01T12:39:06","slug":"widgetkit","status":"publish","type":"page","link":"https:\/\/cpulohn.at\/wordpress\/?page_id=86","title":{"rendered":"Software"},"content":{"rendered":"&nbsp;\r\n<h3><strong>Know-how<\/strong><\/h3>\r\n<p style=\"text-align: justify;\">Die Abrechnung von Entgelten ist ein \u00e4u\u00dferst komplexer sowie auch sensibler betriebswirtschaftlicher Ablauf. Steuerliche, sozialversicherungsrechtliche und tarifliche Bestimmungen stellen dabei hohe Anforderungen an die Lohnabrechnungssoftware. Unsere langj\u00e4hrige Erfahrung in der Herstellung von Lohnabrechnungssoftware stellt sicher, dass <span style=\"color: #716fb3;\">cpu<\/span>lohn<span style=\"font-size: 8pt;\"><sup>\u00ae<\/sup><\/span> den h\u00f6chsten Anspr\u00fcchen gerecht wird.<\/p>\r\n<p style=\"text-align: justify;\">Als Entwickler von Pr\u00fcfsoftware f\u00fcr die Lohnsteuer- und Beitragspr\u00fcfer der GPLA verf\u00fcgt CPU \u00fcber das n\u00f6tige Know-how, Lohnabrechnungssoftware exakt, praxisgerecht und benutzerfreundlich zu gestalten. <span style=\"color: #716fb3;\">cpu<\/span>lohn<span style=\"font-size: 8pt;\"><sup>\u00ae<\/sup><\/span> l\u00e4sst sich einfach installieren und warten. Intelligentes Software-Design unterst\u00fctzt eine intuitive Bedienung, die es m\u00f6glich macht, dass Anwender in k\u00fcrzester Zeit f\u00e4hig sind, <span style=\"color: #716fb3;\">cpu<\/span>lohn<span style=\"font-size: 8pt;\"><sup>\u00ae<\/sup><\/span> in seinem vollen Leistungsumfang einzusetzen. <span style=\"color: #716fb3;\">cpu<\/span>lohn<span style=\"font-size: 8pt;\"><sup>\u00ae<\/sup><\/span> hat sich in der Praxis bei Personalabrechnern aller Branchen, Steuerberatern, Personalentscheidern und GPLA-Pr\u00fcfern vielfach bew\u00e4hrt &#8211; sie alle profitieren von <span style=\"color: #716fb3;\">cpu<\/span>lohn<span style=\"font-size: 8pt;\"><sup>\u00ae<\/sup><\/span> aufgrund seines durchdachten, logischen Aufbaus, seiner benutzerorientierten Oberfl\u00e4che und seiner Leistungsf\u00e4higkeit. <span style=\"color: #716fb3;\">cpu<\/span>lohn<span style=\"font-size: 8pt;\"><sup>\u00ae<\/sup><\/span> ist ein unverzichtbares Profiwerkzeug in der Lohnabrechnung.<\/p>\r\n\r\n<h3><strong>Konzept<\/strong><\/h3>\r\n<p style=\"text-align: justify;\">Wir von CPU konzentrieren uns ausschlie\u00dflich auf die Herstellung von Lohnabrechnungssoftware und deren erfolgreiche Adaptierung auf Ihr System. Mit <span style=\"color: #716fb3;\">cpu<\/span>lohn<span style=\"font-size: 8pt;\"><sup>\u00ae<\/sup><\/span> haben Sie die Freiheit Ihre \u00fcbrige Softwareumgebung gem\u00e4\u00df Ihrer Funktionalit\u00e4t und Ihren Erwartungen und Zielen auszuw\u00e4hlen. Die Qualit\u00e4ten Ihres Betriebssystems, Ihrer Finanzbuchhaltung, Ihrer Kostenrechnung und Ihres Human Resource Managementsystems, verbunden mit <span style=\"color: #716fb3;\">cpu<\/span>lohn<span style=\"font-size: 8pt;\"><sup>\u00ae<\/sup><\/span>, ergeben ein flexibles und unschlagbares Gesamtsystem.<\/p>\r\n\r\n<h3><strong>Erfahrung<\/strong><\/h3>\r\n<p style=\"text-align: justify;\">Seit nunmehr 25 Jahren ist CPU als Hersteller von Lohn- und Gehaltssoftware am \u00f6sterreichischen Markt t\u00e4tig. Mehr als 100.000  Abrechnungen werden monatlich mit Produkten von CPU erstellt. <span style=\"color: #716fb3;\">cpu<\/span>lohn<span style=\"font-size: 8pt;\"><sup>\u00ae<\/sup><\/span> ist das Ergebnis, in welchem all unser \u00fcber Jahrzehnte erworbenes geballtes Know-how steckt.<\/p>\r\n\r\n<h3><strong>Betreuung<\/strong><\/h3>\r\n<p style=\"text-align: justify;\">Mit <span style=\"color: #716fb3;\">cpu<\/span>lohn<span style=\"font-size: 8pt;\"><sup>\u00ae<\/sup><\/span> erwerben Sie nicht nur die leistungsf\u00e4higste Lohnsoftware am Markt, sondern auch den besten Kundenservice. Wir von CPU \u00fcbernehmen von Anfang an alle erforderlichen Schritte zur erfolgreichen Implementierung von <span style=\"color: #716fb3;\">cpu<\/span>lohn<span style=\"font-size: 8pt;\"><sup>\u00ae<\/sup><\/span> in Ihr bestehendes System: Sei es nun die pers\u00f6nliche Beratung, die Installation von <span style=\"color: #716fb3;\">cpu<\/span>lohn<span style=\"font-size: 8pt;\"><sup>\u00ae<\/sup><\/span>, die Integrierung in Ihre bestehende Softwareumgebung, die Anbindung an Ihre Finanzbuchhaltung und Kostenrechnung, die Einschulung Ihrer Mitarbeiter, sowie die laufende Betreuung ihres Systems. Damit Sie auch immer \u00fcber die aktuellsten Entwicklungen rund um die Lohnabrechnung Bescheid wissen, bieten wir auch j\u00e4hrlich von Experten betreute Seminare an, die sowohl \u00c4nderungen im <span style=\"color: #716fb3;\">cpu<\/span>lohn<span style=\"font-size: 8pt;\"><sup>\u00ae<\/sup><\/span> , als auch rechtliche Neuerungen in der Personalabrechnung behandeln. <span style=\"color: #716fb3;\">cpu<\/span>lohn<span style=\"font-size: 8pt;\"><sup>\u00ae<\/sup><\/span> wird von uns laufend gewartet. Durch unsere enge Zusammenarbeit mit den SV-Tr\u00e4gern und dem Bundesministerium f\u00fcr Finanzen sind etwaige steuerliche und sozialversicherungsrechtliche \u00c4nderungen f\u00fcr Sie prompt verf\u00fcgbar. F\u00fcr Anfragen bei Ihrem pers\u00f6nlichen Ansprechpartner an der <span style=\"color: #716fb3;\">cpu<\/span>lohn<span style=\"font-size: 8pt;\"><sup>\u00ae<\/sup><\/span> Hotline fallen keine zus\u00e4tzlichen Kosten an. Alle Informationen erhalten Sie sofort und direkt bei uns als Entwickler von <span style=\"color: #716fb3;\">cpu<\/span>lohn<span style=\"font-size: 8pt;\"><sup>\u00ae<\/sup><\/span>.<\/p>\r\n\r\n<h3><strong>Qualit\u00e4t<\/strong><\/h3>\r\n<p style=\"text-align: justify;\"><span style=\"color: #716fb3;\">cpu<\/span>lohn<span style=\"font-size: 8pt;\"><sup>\u00ae<\/sup><\/span> ist exakt, schnell und effizient &#8211; unsere Software n\u00fctzt die ben\u00f6tigten Ressourcen wie Rechenleistung, Speicherplatz und Netzwerklast optimal aus. Automatisierte Abl\u00e4ufe beschleunigen die Arbeit. Vom Benutzer verlangte Eingaben beschr\u00e4nken sich auf das Notwendige, k\u00f6nnen flexibel eingegeben werden und werden fr\u00fchzeitig auf Plausibilit\u00e4t gepr\u00fcft. Die klare Men\u00fcf\u00fchrung basiert auf den gewohnten Arbeitsabl\u00e4ufen der Praxis. Die gelieferten Auswertungen von <span style=\"color: #716fb3;\">cpu<\/span>lohn<span style=\"font-size: 8pt;\"><sup>\u00ae<\/sup><\/span> werden \u00fcbersichtlich und strukturiert ausgegeben, sind einfach zu interpretieren und vom Benutzer bez\u00fcglich Detaillierung, Umfang und Zeitraum flexibel gestaltbar.<\/p>\r\n<h3><strong>Wirtschaftlichkeit<\/strong><\/h3>\r\n<p style=\"text-align: justify;\">Die Aufwendungen f\u00fcr Anschaffung und Erhalt von <span style=\"color: #716fb3;\">cpu<\/span>lohn<span style=\"font-size: 8pt;\"><sup>\u00ae<\/sup><\/span> sind transparent. <span style=\"color: #716fb3;\">cpu<\/span>lohn<span style=\"font-size: 8pt;\"><sup>\u00ae<\/sup><\/span> ist in verschiedenen Spezialversionen f\u00fcr Firmen unterschiedlicher Gr\u00f6\u00dfen und Branchen erh\u00e4ltlich. Der Funktionsumfang ist auf die Bed\u00fcrfnisse Ihrer Firma zugeschnitten und bietet damit ein optimales Preis-\/Leistungsverh\u00e4ltnis. <span style=\"color: #716fb3;\">cpu<\/span>lohn<span style=\"font-size: 8pt;\"><sup>\u00ae<\/sup><\/span> ist in kurzer Zeit installiert und einsatzbereit. Eine intuitiv bedienbare und benutzerfreundliche Oberfl\u00e4che verk\u00fcrzt die Schulungszeit wesentlich und macht Kosten im Voraus planbar.<\/p>","protected":false},"excerpt":{"rendered":"<p>&nbsp; Know-how Die Abrechnung von Entgelten ist ein \u00e4u\u00dferst komplexer sowie auch sensibler betriebswirtschaftlicher Ablauf. Steuerliche, sozialversicherungsrechtliche und tarifliche Bestimmungen stellen dabei hohe Anforderungen an die Lohnabrechnungssoftware. Unsere langj\u00e4hrige Erfahrung in der Herstellung von Lohnabrechnungssoftware stellt sicher, dass cpulohn\u00ae den h\u00f6chsten Anspr\u00fcchen gerecht wird. Als Entwickler von Pr\u00fcfsoftware f\u00fcr die Lohnsteuer- und Beitragspr\u00fcfer der GPLA [&hellip;]<\/p>\n","protected":false},"author":1,"featured_media":0,"parent":0,"menu_order":0,"comment_status":"closed","ping_status":"closed","template":"","meta":{"footnotes":""},"tags":[87,86,88,46],"class_list":["post-86","page","type-page","status-publish","hentry","tag-cpulohn","tag-lohnabrechnung","tag-prufersoftware","tag-seminar"],"_links":{"self":[{"href":"https:\/\/cpulohn.at\/wordpress\/index.php?rest_route=\/wp\/v2\/pages\/86","targetHints":{"allow":["GET"]}}],"collection":[{"href":"https:\/\/cpulohn.at\/wordpress\/index.php?rest_route=\/wp\/v2\/pages"}],"about":[{"href":"https:\/\/cpulohn.at\/wordpress\/index.php?rest_route=\/wp\/v2\/types\/page"}],"author":[{"embeddable":true,"href":"https:\/\/cpulohn.at\/wordpress\/index.php?rest_route=\/wp\/v2\/users\/1"}],"replies":[{"embeddable":true,"href":"https:\/\/cpulohn.at\/wordpress\/index.php?rest_route=%2Fwp%2Fv2%2Fcomments&post=86"}],"version-history":[{"count":14,"href":"https:\/\/cpulohn.at\/wordpress\/index.php?rest_route=\/wp\/v2\/pages\/86\/revisions"}],"predecessor-version":[{"id":1518,"href":"https:\/\/cpulohn.at\/wordpress\/index.php?rest_route=\/wp\/v2\/pages\/86\/revisions\/1518"}],"wp:attachment":[{"href":"https:\/\/cpulohn.at\/wordpress\/index.php?rest_route=%2Fwp%2Fv2%2Fmedia&parent=86"}],"wp:term":[{"taxonomy":"post_tag","embeddable":true,"href":"https:\/\/cpulohn.at\/wordpress\/index.php?rest_route=%2Fwp%2Fv2%2Ftags&post=86"}],"curies":[{"name":"wp","href":"https:\/\/api.w.org\/{rel}","templated":true}]}}