{"id":858,"date":"2013-03-21T06:49:01","date_gmt":"2013-03-21T06:49:01","guid":{"rendered":"http:\/\/cpulohn.net\/wordpress\/?page_id=858"},"modified":"2013-06-25T14:13:32","modified_gmt":"2013-06-25T14:13:32","slug":"referenzen","status":"publish","type":"page","link":"https:\/\/cpulohn.at\/wordpress\/?page_id=858","title":{"rendered":"Referenzen"},"content":{"rendered":"<span style=\"color: #716fb3;\">&#8222;cpu<\/span>lohn.xpress<span style=\"font-size: 8pt;\"><sup>\u00ae<\/sup><\/span> <i> wird erfolgreich zur Rechtsberatung unserer Miglieder eingesetzt und erfreut sich einer hohen Akzeptanz.&#8220; <\/i><br><br>\r\n\r\nDr. Wagnest, Arbeiterkammer Ober\u00f6sterreich<br><br><br>\r\n\r\n<span style=\"color: #716fb3;\">&#8222;cpu<\/span>lohn.xpress<span style=\"font-size: 8pt;\"><sup>\u00ae<\/sup><\/span> <i> wird von allen unseren Bezirksstellen erfolgreich zur Beratung bzw Vertretung unserer Mitglieder eingesetzt. Besonders n\u00fctzlich ist der Fachinformationsteil, der schnelles Zugreifen auf Gesetzestexte, Erl\u00e4sse und Verordnungen erm\u00f6glicht.&#8220;<\/i><br><br>\r\n\r\nMag. Josef Schimanko, Wirtschaftskammer Nieder\u00f6sterreich<br><br><br>\r\n\r\n<span style=\"color: #716fb3;\">&#8222;cpu<\/span>lohn.xpress<span style=\"font-size: 8pt;\"><sup>\u00ae<\/sup><\/span> <i> wird in der N\u00d6GKK im Bereich des Dienstgebermeldeservices bei Spezialf\u00e4llen als Unterst\u00fctzung f\u00fcr die Kontrolle von Lohnabrechnungen sowie zur Beratung von Kunden verwendet.&#8220;<\/i><br><br>\r\nHubert Zeller, stellv. Leiter Melde- und Versicherungswesen N\u00d6GKK<br><br><br>","protected":false},"excerpt":{"rendered":"<p>&#8222;cpulohn.xpress\u00ae wird erfolgreich zur Rechtsberatung unserer Miglieder eingesetzt und erfreut sich einer hohen Akzeptanz.&#8220; Dr. Wagnest, Arbeiterkammer Ober\u00f6sterreich &#8222;cpulohn.xpress\u00ae wird von allen unseren Bezirksstellen erfolgreich zur Beratung bzw Vertretung unserer Mitglieder eingesetzt. Besonders n\u00fctzlich ist der Fachinformationsteil, der schnelles Zugreifen auf Gesetzestexte, Erl\u00e4sse und Verordnungen erm\u00f6glicht.&#8220; Mag. Josef Schimanko, Wirtschaftskammer Nieder\u00f6sterreich &#8222;cpulohn.xpress\u00ae wird in der [&hellip;]<\/p>\n","protected":false},"author":1,"featured_media":0,"parent":662,"menu_order":0,"comment_status":"closed","ping_status":"closed","template":"","meta":{"footnotes":""},"tags":[],"class_list":["post-858","page","type-page","status-publish","hentry"],"_links":{"self":[{"href":"https:\/\/cpulohn.at\/wordpress\/index.php?rest_route=\/wp\/v2\/pages\/858","targetHints":{"allow":["GET"]}}],"collection":[{"href":"https:\/\/cpulohn.at\/wordpress\/index.php?rest_route=\/wp\/v2\/pages"}],"about":[{"href":"https:\/\/cpulohn.at\/wordpress\/index.php?rest_route=\/wp\/v2\/types\/page"}],"author":[{"embeddable":true,"href":"https:\/\/cpulohn.at\/wordpress\/index.php?rest_route=\/wp\/v2\/users\/1"}],"replies":[{"embeddable":true,"href":"https:\/\/cpulohn.at\/wordpress\/index.php?rest_route=%2Fwp%2Fv2%2Fcomments&post=858"}],"version-history":[{"count":12,"href":"https:\/\/cpulohn.at\/wordpress\/index.php?rest_route=\/wp\/v2\/pages\/858\/revisions"}],"predecessor-version":[{"id":1373,"href":"https:\/\/cpulohn.at\/wordpress\/index.php?rest_route=\/wp\/v2\/pages\/858\/revisions\/1373"}],"up":[{"embeddable":true,"href":"https:\/\/cpulohn.at\/wordpress\/index.php?rest_route=\/wp\/v2\/pages\/662"}],"wp:attachment":[{"href":"https:\/\/cpulohn.at\/wordpress\/index.php?rest_route=%2Fwp%2Fv2%2Fmedia&parent=858"}],"wp:term":[{"taxonomy":"post_tag","embeddable":true,"href":"https:\/\/cpulohn.at\/wordpress\/index.php?rest_route=%2Fwp%2Fv2%2Ftags&post=858"}],"curies":[{"name":"wp","href":"https:\/\/api.w.org\/{rel}","templated":true}]}}