{"id":850,"date":"2013-03-21T06:46:58","date_gmt":"2013-03-21T06:46:58","guid":{"rendered":"http:\/\/cpulohn.net\/wordpress\/?page_id=850"},"modified":"2013-07-01T12:34:29","modified_gmt":"2013-07-01T12:34:29","slug":"cpulohn","status":"publish","type":"page","link":"https:\/\/cpulohn.at\/wordpress\/?page_id=850","title":{"rendered":"Produktinformation"},"content":{"rendered":"<span style=\"color: #716fb3;\">cpu<\/span>lohn.xpress<span style=\"font-size: 8pt;\"><sup>\u00ae<\/sup><\/span> ist einsetzbar als:\r\n<ul>\r\n\t<li>Informationstool im Personalb\u00fcro<\/li>\r\n\t<li>Lohnabrechnungsprogramm f\u00fcr kleinere Betriebe<\/li>\r\n<\/ul>\r\n<h3><span style=\"color: #716fb3;\">cpu<\/span>lohn.xpress<span style=\"font-size: 8pt;\"><sup>\u00ae<\/sup><\/span> im Personalb\u00fcro<\/h3>\r\n<p style=\"text-align: justify;\"><span style=\"color: #716fb3;\">cpu<\/span>lohn.xpress<span style=\"font-size: 8pt;\"><sup>\u00ae<\/sup><\/span> geh\u00f6rt in jede Personalabteilung. Besonders wenn es um schnelle Informationen und Kontrollen geht, ist <span style=\"color: #716fb3;\">cpu<\/span>lohn.xpress<span style=\"font-size: 8pt;\"><sup>\u00ae<\/sup><\/span> unschlagbar. F\u00fcr die Qualit\u00e4t von <span style=\"color: #716fb3;\">cpu<\/span>lohn.xpress<span style=\"font-size: 8pt;\"><sup>\u00ae<\/sup><\/span> sprechen die Referenzen am besten: So verwenden die \u00f6sterreichischen Lohnsteuer- und Beitragspr\u00fcfer fl\u00e4chendeckend <span style=\"color: #716fb3;\">cpu<\/span>lohn.xpress<span style=\"font-size: 8pt;\"><sup>\u00ae<\/sup><\/span> &#8211; jedes \u00f6sterreichische Lohnprogramm wird also mit <span style=\"color: #716fb3;\">cpu<\/span>lohn.xpress<span style=\"font-size: 8pt;\"><sup>\u00ae<\/sup><\/span> getestet. Au\u00dferdem verwenden Wirtschaftskammer, Arbeiterkammer und Gewerkschaften <span style=\"color: #716fb3;\">cpu<\/span>lohn.xpress<span style=\"font-size: 8pt;\"><sup>\u00ae<\/sup><\/span> zur Beratung ihrer Mitglieder.<\/p>\r\n<p style=\"text-align: justify;\">Auch wenn Sie bereits eine andere Lohnsoftware im Einsatz haben, brauchen Sie <span style=\"color: #716fb3;\">cpu<\/span>lohn.xpress<span style=\"font-size: 8pt;\"><sup>\u00ae<\/sup><\/span>. M\u00f6chten Sie beispielsweise im Rahmen eines Einstellungsgespr\u00e4chs ein Gehalt von Netto auf Brutto rechnen, hilft <span style=\"color: #716fb3;\">cpu<\/span>lohn.xpress<span style=\"font-size: 8pt;\"><sup>\u00ae<\/sup><\/span> schnell und unkompliziert. <span style=\"color: #716fb3;\">cpu<\/span>lohn.xpress<span style=\"font-size: 8pt;\"><sup>\u00ae<\/sup><\/span> unterst\u00fctzt Sie auch bei Stundensatzkalkulationen, nachschlagen in den Lohnsteuertabellen oder auch bei der Kontrolle Ihrer Lohnabrechnung, ohne dass eine langwierige Dateneingabe erforderlich ist.<\/p>\r\n\r\n<h3><span style=\"color: #716fb3;\">cpu<\/span>lohn.xpress<span style=\"font-size: 8pt;\"><sup>\u00ae<\/sup><\/span> Lohnabrechnung f\u00fcr kleinere Betriebe<\/h3>\r\n<p style=\"text-align: justify;\"><span style=\"color: #716fb3;\">cpu<\/span>lohn.xpress<span style=\"font-size: 8pt;\"><sup>\u00ae<\/sup><\/span> ist eine preiswerte Alternative die Lohnverrechnung durchzuf\u00fchren. <span style=\"color: #716fb3;\">cpu<\/span>lohn.xpress<span style=\"font-size: 8pt;\"><sup>\u00ae<\/sup><\/span> erf\u00fcllt alle Anforderungen zur Lohnabrechnung f\u00fcr kleinere Betriebe. Testen Sie unsere Demoversion um sich \u00fcber die vielf\u00e4ltigen Einsatzm\u00f6glichkeiten von <span style=\"color: #716fb3;\">cpu<\/span>lohn.xpress<span style=\"font-size: 8pt;\"><sup>\u00ae<\/sup><\/span> zu informieren.<\/p>","protected":false},"excerpt":{"rendered":"<p>cpulohn.xpress\u00ae ist einsetzbar als: Informationstool im Personalb\u00fcro Lohnabrechnungsprogramm f\u00fcr kleinere Betriebe cpulohn.xpress\u00ae im Personalb\u00fcro cpulohn.xpress\u00ae geh\u00f6rt in jede Personalabteilung. Besonders wenn es um schnelle Informationen und Kontrollen geht, ist cpulohn.xpress\u00ae unschlagbar. F\u00fcr die Qualit\u00e4t von cpulohn.xpress\u00ae sprechen die Referenzen am besten: So verwenden die \u00f6sterreichischen Lohnsteuer- und Beitragspr\u00fcfer fl\u00e4chendeckend cpulohn.xpress\u00ae &#8211; jedes \u00f6sterreichische Lohnprogramm wird [&hellip;]<\/p>\n","protected":false},"author":1,"featured_media":0,"parent":662,"menu_order":0,"comment_status":"closed","ping_status":"closed","template":"","meta":{"footnotes":""},"tags":[],"class_list":["post-850","page","type-page","status-publish","hentry"],"_links":{"self":[{"href":"https:\/\/cpulohn.at\/wordpress\/index.php?rest_route=\/wp\/v2\/pages\/850","targetHints":{"allow":["GET"]}}],"collection":[{"href":"https:\/\/cpulohn.at\/wordpress\/index.php?rest_route=\/wp\/v2\/pages"}],"about":[{"href":"https:\/\/cpulohn.at\/wordpress\/index.php?rest_route=\/wp\/v2\/types\/page"}],"author":[{"embeddable":true,"href":"https:\/\/cpulohn.at\/wordpress\/index.php?rest_route=\/wp\/v2\/users\/1"}],"replies":[{"embeddable":true,"href":"https:\/\/cpulohn.at\/wordpress\/index.php?rest_route=%2Fwp%2Fv2%2Fcomments&post=850"}],"version-history":[{"count":11,"href":"https:\/\/cpulohn.at\/wordpress\/index.php?rest_route=\/wp\/v2\/pages\/850\/revisions"}],"predecessor-version":[{"id":1513,"href":"https:\/\/cpulohn.at\/wordpress\/index.php?rest_route=\/wp\/v2\/pages\/850\/revisions\/1513"}],"up":[{"embeddable":true,"href":"https:\/\/cpulohn.at\/wordpress\/index.php?rest_route=\/wp\/v2\/pages\/662"}],"wp:attachment":[{"href":"https:\/\/cpulohn.at\/wordpress\/index.php?rest_route=%2Fwp%2Fv2%2Fmedia&parent=850"}],"wp:term":[{"taxonomy":"post_tag","embeddable":true,"href":"https:\/\/cpulohn.at\/wordpress\/index.php?rest_route=%2Fwp%2Fv2%2Ftags&post=850"}],"curies":[{"name":"wp","href":"https:\/\/api.w.org\/{rel}","templated":true}]}}