{"id":844,"date":"2013-03-20T10:59:46","date_gmt":"2013-03-20T10:59:46","guid":{"rendered":"http:\/\/cpulohn.net\/wordpress\/?page_id=844"},"modified":"2020-01-08T13:09:14","modified_gmt":"2020-01-08T13:09:14","slug":"impressums","status":"publish","type":"page","link":"https:\/\/cpulohn.at\/wordpress\/?page_id=844","title":{"rendered":"Impressum"},"content":{"rendered":"<em style=\"font-size: 13px; line-height: 19px;\">Informationspflicht lt. \u00a7 5 Abs. 1 E-Commerce-Gesetz:<\/em>\r\n<table border=\"0\">\r\n<tbody>\r\n<tr>\r\n<td valign=\"top\"><span style=\"font-size: small;\">Firmenname:<\/span><\/td>\r\n<td valign=\"top\"><span style=\"font-size: small;\">CPU Informatik GmbH<\/span><\/td>\r\n<\/tr>\r\n<tr>\r\n<td valign=\"top\"><span style=\"font-size: small;\">Firmenstandort:<\/span><\/td>\r\n<td valign=\"top\"><span style=\"font-size: small;\">Franz Kranewitter-Stra\u00dfe 2, A-6300 W\u00f6rgl<\/span><\/td>\r\n<\/tr>\r\n<tr>\r\n<td valign=\"top\"><span style=\"font-size: small;\">Fon:<\/span><\/td>\r\n<td valign=\"top\"><span style=\"font-size: small;\">+43 5372 65000-0<\/span><\/td>\r\n<\/tr>\r\n<tr>\r\n<td valign=\"top\"><span style=\"font-size: small;\">Fax:<\/span><\/td>\r\n<td valign=\"top\"><span style=\"font-size: small;\">+43 5372 65000-65<\/span><\/td>\r\n<\/tr>\r\n<tr>\r\n<td valign=\"top\"><span style=\"font-size: small;\">Email:<\/span><\/td>\r\n<td valign=\"top\"><span style=\"font-size: small;\"><a href=\"mailto:office@cpulohn.at\">office@cpulohn.at<\/a><\/span><\/td>\r\n<\/tr>\r\n<tr>\r\n<td valign=\"top\"><span style=\"font-size: small;\">Kammerzugeh\u00f6rigkeit:<\/span><\/td>\r\n<td valign=\"top\"><span style=\"font-size: small;\">Kammer der gewerblichen Wirtschaft<\/span><\/td>\r\n<\/tr>\r\n<tr>\r\n<td valign=\"top\"><span style=\"font-size: small;\">Berufsrechtliche Vorschriften:<\/span><\/td>\r\n<td valign=\"top\"><span style=\"font-size: small;\">GewO<\/span><\/td>\r\n<\/tr>\r\n<tr>\r\n<td valign=\"top\"><span style=\"font-size: small;\">Firmenbuchnummer:<\/span><\/td>\r\n<td valign=\"top\"><span style=\"font-size: small;\">50538<\/span><\/td>\r\n<\/tr>\r\n<tr>\r\n<td valign=\"top\"><span style=\"font-size: small;\">Firmenbuchgericht:<\/span><\/td>\r\n<td valign=\"top\"><span style=\"font-size: small;\">Landes- und Handelsgericht Innsbruck<\/span><\/td>\r\n<\/tr>\r\n<tr>\r\n<td valign=\"top\"><span style=\"font-size: small;\">UID-Nummer:<\/span><\/td>\r\n<td valign=\"top\"><span style=\"font-size: small;\">ATU 33131009<\/span><\/td>\r\n<\/tr>\r\n<tr>\r\n<td valign=\"top\"><span style=\"font-size: small;\">Gesch\u00e4ftsf\u00fchrer:<\/span><\/td>\r\n<td valign=\"top\"><span style=\"font-size: small;\">Manuel Hetzl<\/span><\/td>\r\n<\/tr>\r\n<\/tbody>\r\n<\/table>","protected":false},"excerpt":{"rendered":"<p>Informationspflicht lt. \u00a7 5 Abs. 1 E-Commerce-Gesetz: Firmenname: CPU Informatik GmbH Firmenstandort: Franz Kranewitter-Stra\u00dfe 2, A-6300 W\u00f6rgl Fon: +43 5372 65000-0 Fax: +43 5372 65000-65 Email: office@cpulohn.at Kammerzugeh\u00f6rigkeit: Kammer der gewerblichen Wirtschaft Berufsrechtliche Vorschriften: GewO Firmenbuchnummer: 50538 Firmenbuchgericht: Landes- und Handelsgericht Innsbruck UID-Nummer: ATU 33131009 Gesch\u00e4ftsf\u00fchrer: Manuel Hetzl<\/p>\n","protected":false},"author":1,"featured_media":0,"parent":0,"menu_order":0,"comment_status":"closed","ping_status":"closed","template":"","meta":{"footnotes":""},"tags":[],"class_list":["post-844","page","type-page","status-publish","hentry"],"_links":{"self":[{"href":"https:\/\/cpulohn.at\/wordpress\/index.php?rest_route=\/wp\/v2\/pages\/844","targetHints":{"allow":["GET"]}}],"collection":[{"href":"https:\/\/cpulohn.at\/wordpress\/index.php?rest_route=\/wp\/v2\/pages"}],"about":[{"href":"https:\/\/cpulohn.at\/wordpress\/index.php?rest_route=\/wp\/v2\/types\/page"}],"author":[{"embeddable":true,"href":"https:\/\/cpulohn.at\/wordpress\/index.php?rest_route=\/wp\/v2\/users\/1"}],"replies":[{"embeddable":true,"href":"https:\/\/cpulohn.at\/wordpress\/index.php?rest_route=%2Fwp%2Fv2%2Fcomments&post=844"}],"version-history":[{"count":10,"href":"https:\/\/cpulohn.at\/wordpress\/index.php?rest_route=\/wp\/v2\/pages\/844\/revisions"}],"predecessor-version":[{"id":1743,"href":"https:\/\/cpulohn.at\/wordpress\/index.php?rest_route=\/wp\/v2\/pages\/844\/revisions\/1743"}],"wp:attachment":[{"href":"https:\/\/cpulohn.at\/wordpress\/index.php?rest_route=%2Fwp%2Fv2%2Fmedia&parent=844"}],"wp:term":[{"taxonomy":"post_tag","embeddable":true,"href":"https:\/\/cpulohn.at\/wordpress\/index.php?rest_route=%2Fwp%2Fv2%2Ftags&post=844"}],"curies":[{"name":"wp","href":"https:\/\/api.w.org\/{rel}","templated":true}]}}