{"id":671,"date":"2013-03-14T10:58:54","date_gmt":"2013-03-14T10:58:54","guid":{"rendered":"http:\/\/cpulohn.net\/wordpress\/?page_id=671"},"modified":"2013-07-01T12:32:42","modified_gmt":"2013-07-01T12:32:42","slug":"preise","status":"publish","type":"page","link":"https:\/\/cpulohn.at\/wordpress\/?page_id=671","title":{"rendered":"Preise"},"content":{"rendered":"<span style=\"color: #716fb3;\">cpu<\/span>lohn<span style=\"font-size: 8pt;\"><sup>\u00ae<\/sup><\/span> ist nach der Dienstnehmeranzahl gestaffelt. Um Ihnen ein ma\u00dfgeschneidertes Angebot zu unterbreiten k\u00f6nnen, bitten wir Sie das <a title=\"Kontakt\" href=\"http:\/\/cpulohn.net\/wordpress\/?page_id=716\">Kontaktformular<\/a> um folgende Angaben zu erg\u00e4nzen:\r\n<ul>\r\n\t<li>Anzahl der abzurechnenden Dienstnehmer<\/li>\r\n\t<li>Anzahl der Arbeitspl\u00e4tze die zeitgleich im Programm arbeiten<\/li>\r\n\t<li>Anbindung an spezielles Zeiterfassungssystem gew\u00fcnscht<\/li>\r\n<\/ul>\r\n<h3>Kleinunternehmen<\/h3>\r\n<p style=\"text-align: justify;\"><span style=\"color: #716fb3;\">cpu<\/span>lohn<span style=\"font-size: 8pt;\"><sup>\u00ae<\/sup><\/span> in der kleinsten Staffelung gibt es f\u00fcr Unternehmen mit bis zu 10 abzurechnenden Mitarbeitern. Damit ist <span style=\"color: #716fb3;\">cpu<\/span>lohn<span style=\"font-size: 8pt;\"><sup>\u00ae<\/sup><\/span> eine preiswerte M\u00f6glichkeit f\u00fcr kleinere Unternehmen die Lohnabrechnung und Meldung von Dienstnehmern bequem und kosteng\u00fcnstig im eigenen Hause durchzuf\u00fchren ohne dabei in Leistung Ihrer Software eingeschr\u00e4nkt zu sein.<\/p>\r\n\r\n<h3>Neugr\u00fcnder<\/h3>\r\n<p style=\"text-align: justify;\">Firmenneugr\u00fcnder haben beim Unternehmensstart an vielen Fronten zu k\u00e4mpfen. Damit der Start zum Erfolg wird, bieten wir unser Personalabrechnungssystem <span style=\"color: #716fb3;\">cpu<\/span>lohn<span style=\"font-size: 8pt;\"><sup>\u00ae<\/sup><\/span> Unternehmensneugr\u00fcndern zu besonderen Konditionen an. Nehmen Sie f\u00fcr weitere Details bitte Kontakt mit uns auf. Alles was wir ben\u00f6tigen ist der Nachweis \u00fcber die Neugr\u00fcndung Ihres Unternehmens in Form eines Gewerbescheines.<\/p>\r\n\r\n<h3>kostenlose Pr\u00e4sentation<\/h3>\r\n\u00dcberzeugen Sie sich selbst von den Vorteile von <span style=\"color: #716fb3;\">cpu<\/span>lohn<span style=\"font-size: 8pt;\"><sup>\u00ae<\/sup><\/span> in Ihrem Unternehmen.\r\n\r\n<a title=\"Kontaktformular\" href=\"http:\/\/cpulohn.net\/wordpress\/?page_id=725\">Vereinbaren Sie einen kostenlosen Kennenlerntermin mit uns!<\/a>","protected":false},"excerpt":{"rendered":"<p>cpulohn\u00ae ist nach der Dienstnehmeranzahl gestaffelt. Um Ihnen ein ma\u00dfgeschneidertes Angebot zu unterbreiten k\u00f6nnen, bitten wir Sie das Kontaktformular um folgende Angaben zu erg\u00e4nzen: Anzahl der abzurechnenden Dienstnehmer Anzahl der Arbeitspl\u00e4tze die zeitgleich im Programm arbeiten Anbindung an spezielles Zeiterfassungssystem gew\u00fcnscht Kleinunternehmen cpulohn\u00ae in der kleinsten Staffelung gibt es f\u00fcr Unternehmen mit bis zu 10 [&hellip;]<\/p>\n","protected":false},"author":1,"featured_media":0,"parent":665,"menu_order":0,"comment_status":"closed","ping_status":"closed","template":"","meta":{"footnotes":""},"tags":[],"class_list":["post-671","page","type-page","status-publish","hentry"],"_links":{"self":[{"href":"https:\/\/cpulohn.at\/wordpress\/index.php?rest_route=\/wp\/v2\/pages\/671","targetHints":{"allow":["GET"]}}],"collection":[{"href":"https:\/\/cpulohn.at\/wordpress\/index.php?rest_route=\/wp\/v2\/pages"}],"about":[{"href":"https:\/\/cpulohn.at\/wordpress\/index.php?rest_route=\/wp\/v2\/types\/page"}],"author":[{"embeddable":true,"href":"https:\/\/cpulohn.at\/wordpress\/index.php?rest_route=\/wp\/v2\/users\/1"}],"replies":[{"embeddable":true,"href":"https:\/\/cpulohn.at\/wordpress\/index.php?rest_route=%2Fwp%2Fv2%2Fcomments&post=671"}],"version-history":[{"count":21,"href":"https:\/\/cpulohn.at\/wordpress\/index.php?rest_route=\/wp\/v2\/pages\/671\/revisions"}],"predecessor-version":[{"id":756,"href":"https:\/\/cpulohn.at\/wordpress\/index.php?rest_route=\/wp\/v2\/pages\/671\/revisions\/756"}],"up":[{"embeddable":true,"href":"https:\/\/cpulohn.at\/wordpress\/index.php?rest_route=\/wp\/v2\/pages\/665"}],"wp:attachment":[{"href":"https:\/\/cpulohn.at\/wordpress\/index.php?rest_route=%2Fwp%2Fv2%2Fmedia&parent=671"}],"wp:term":[{"taxonomy":"post_tag","embeddable":true,"href":"https:\/\/cpulohn.at\/wordpress\/index.php?rest_route=%2Fwp%2Fv2%2Ftags&post=671"}],"curies":[{"name":"wp","href":"https:\/\/api.w.org\/{rel}","templated":true}]}}