{"id":1476,"date":"2013-06-26T12:45:25","date_gmt":"2013-06-26T12:45:25","guid":{"rendered":"http:\/\/cpulohn.net\/wordpress\/?page_id=1476"},"modified":"2013-06-26T12:49:11","modified_gmt":"2013-06-26T12:49:11","slug":"schulversion","status":"publish","type":"page","link":"https:\/\/cpulohn.at\/wordpress\/?page_id=1476","title":{"rendered":"Bildungseinrichtungen"},"content":{"rendered":"<p style=\"text-align: justify;\">An 45 berufsbildenden, h\u00f6heren Schulen \u00d6sterreichs wird eine kostenlose Version von <span style=\"color: #716fb3;\">cpu<\/span>lohn.xpress<span style=\"font-size: 8pt;\"><sup>\u00ae<\/sup><\/span> im t\u00e4glichen Unterricht und den \u00dcbungsfirmen eingesetzt. Sch\u00fcler trainieren damit praxisnah den Einsatz von Personalabrechnungssystemen und sind sp\u00e4ter am Arbeitsmarkt bereits mit der h\u00e4ufig verwendeten Software <span style=\"color: #716fb3;\">cpu<\/span>lohn.xpress<span style=\"font-size: 8pt;\"><sup>\u00ae<\/sup><\/span> vertraut. Diese eingeschr\u00e4nkte Version f\u00fcr Schulen und Bildungseinrichtungen ist nicht f\u00fcr den kommerziellen Einsatz als Lohnabrechnungssoftware geeignet.<\/p>\r\n<p style=\"text-align: justify;\"><span style=\"color: #716fb3;\">cpu<\/span>lohn.xpress<span style=\"font-size: 8pt;\"><sup>\u00ae<\/sup><\/span> kann auch an Sch\u00fcler und Studenten zum nicht kommerziellen Gebrauch weitergegeben werden. Nehmen Sie bitte Kontakt auf wenn Sie <span style=\"color: #716fb3;\">cpu<\/span>lohn.xpress<span style=\"font-size: 8pt;\"><sup>\u00ae<\/sup><\/span> auch in Ihrer Bildungseinrichtung kostenlos verwenden m\u00f6chten.<\/p>","protected":false},"excerpt":{"rendered":"<p>An 45 berufsbildenden, h\u00f6heren Schulen \u00d6sterreichs wird eine kostenlose Version von cpulohn.xpress\u00ae im t\u00e4glichen Unterricht und den \u00dcbungsfirmen eingesetzt. Sch\u00fcler trainieren damit praxisnah den Einsatz von Personalabrechnungssystemen und sind sp\u00e4ter am Arbeitsmarkt bereits mit der h\u00e4ufig verwendeten Software cpulohn.xpress\u00ae vertraut. Diese eingeschr\u00e4nkte Version f\u00fcr Schulen und Bildungseinrichtungen ist nicht f\u00fcr den kommerziellen Einsatz als Lohnabrechnungssoftware [&hellip;]<\/p>\n","protected":false},"author":1,"featured_media":0,"parent":0,"menu_order":0,"comment_status":"closed","ping_status":"open","template":"","meta":{"footnotes":""},"tags":[],"class_list":["post-1476","page","type-page","status-publish","hentry"],"_links":{"self":[{"href":"https:\/\/cpulohn.at\/wordpress\/index.php?rest_route=\/wp\/v2\/pages\/1476","targetHints":{"allow":["GET"]}}],"collection":[{"href":"https:\/\/cpulohn.at\/wordpress\/index.php?rest_route=\/wp\/v2\/pages"}],"about":[{"href":"https:\/\/cpulohn.at\/wordpress\/index.php?rest_route=\/wp\/v2\/types\/page"}],"author":[{"embeddable":true,"href":"https:\/\/cpulohn.at\/wordpress\/index.php?rest_route=\/wp\/v2\/users\/1"}],"replies":[{"embeddable":true,"href":"https:\/\/cpulohn.at\/wordpress\/index.php?rest_route=%2Fwp%2Fv2%2Fcomments&post=1476"}],"version-history":[{"count":4,"href":"https:\/\/cpulohn.at\/wordpress\/index.php?rest_route=\/wp\/v2\/pages\/1476\/revisions"}],"predecessor-version":[{"id":1480,"href":"https:\/\/cpulohn.at\/wordpress\/index.php?rest_route=\/wp\/v2\/pages\/1476\/revisions\/1480"}],"wp:attachment":[{"href":"https:\/\/cpulohn.at\/wordpress\/index.php?rest_route=%2Fwp%2Fv2%2Fmedia&parent=1476"}],"wp:term":[{"taxonomy":"post_tag","embeddable":true,"href":"https:\/\/cpulohn.at\/wordpress\/index.php?rest_route=%2Fwp%2Fv2%2Ftags&post=1476"}],"curies":[{"name":"wp","href":"https:\/\/api.w.org\/{rel}","templated":true}]}}